{"id":743,"date":"2023-03-21T17:25:55","date_gmt":"2023-03-21T16:25:55","guid":{"rendered":"https:\/\/www.azimutbenetti.com\/?page_id=743"},"modified":"2024-04-10T10:07:13","modified_gmt":"2024-04-10T08:07:13","slug":"sea-your-future","status":"publish","type":"page","link":"https:\/\/www.azimutbenetti.com\/it\/sea-your-future\/","title":{"rendered":"Sea your future"},"content":{"rendered":"\n<div class=\"wp-block-cover alignfull is-light has-parallax\" style=\"min-height:100vh;aspect-ratio:unset;\"><span aria-hidden=\"true\" class=\"wp-block-cover__background has-background-dim-30 has-background-dim\"><\/span><div role=\"img\" class=\"wp-block-cover__image-background wp-image-3940 has-parallax\" style=\"background-position:50% 50%;background-image:url(https:\/\/www.azimutbenetti.com\/app\/uploads\/2023\/05\/TALENT-scaled.jpg)\"><\/div><div class=\"wp-block-cover__inner-container is-layout-flow wp-block-cover-is-layout-flow\">\n<h2 class=\"wp-block-heading has-text-align-center has-white-color has-text-color has-4-5-xl-font-size\" style=\"font-style:normal;font-weight:300\">Talent Program Sea Your Future<\/h2>\n<\/div><\/div>\n\n\n\n<div class=\"wp-block-cover alignfull\"><span aria-hidden=\"true\" class=\"wp-block-cover__background has-primary-background-color has-background-dim-100 has-background-dim\"><\/span><div class=\"wp-block-cover__inner-container is-layout-flow wp-block-cover-is-layout-flow\">\n<div style=\"height:120px\" aria-hidden=\"true\" class=\"wp-block-spacer thor-hidden-sm thor-hidden-md\"><\/div>\n\n\n\n<div style=\"height:120px\" aria-hidden=\"true\" class=\"wp-block-spacer\"><\/div>\n\n\n\n<div class=\"wp-block-group thor-maxwidth-lg has-white-color has-text-color is-layout-constrained wp-block-group-is-layout-constrained\">\n<h2 class=\"wp-block-heading has-text-align-center is-style-with-animation\" style=\"font-size:32px;font-style:normal;font-weight:500\">Sea Your Future. <br>A Sea of opportunities awaits you.<\/h2>\n\n\n\n<div style=\"height:30px\" aria-hidden=\"true\" class=\"wp-block-spacer\"><\/div>\n\n\n\n<div class=\"wp-block-buttons is-content-justification-center is-layout-flex wp-container-core-buttons-is-layout-16018d1d wp-block-buttons-is-layout-flex\">\n<div class=\"wp-block-button has-custom-font-size is-style-underline-with-animation has-small-font-size\"><a class=\"wp-block-button__link has-white-color has-text-color has-text-align-center wp-element-button\" href=\"https:\/\/www.linkedin.com\/company\/azimut-benetti\/jobs\/\" target=\"_blank\" rel=\"noreferrer noopener\">Scopri le Posizioni aperte<\/a><\/div>\n<\/div>\n<\/div>\n\n\n\n<div style=\"height:120px\" aria-hidden=\"true\" class=\"wp-block-spacer thor-hidden-sm thor-hidden-md\"><\/div>\n\n\n\n<div style=\"height:120px\" aria-hidden=\"true\" class=\"wp-block-spacer\"><\/div>\n<\/div><\/div>\n\n\n\n<div style=\"height:90px\" aria-hidden=\"true\" class=\"wp-block-spacer thor-hidden-sm thor-hidden-md\"><\/div>\n\n\n\n<div style=\"height:90px\" aria-hidden=\"true\" class=\"wp-block-spacer\"><\/div>\n\n\n\n<h2 class=\"wp-block-heading has-text-align-center is-style-with-animation has-3-5-xl-font-size\" style=\"font-style:normal;font-weight:400\">Il Talent Program di Azimut|Benetti Group<\/h2>\n\n\n\n<div style=\"height:60px\" aria-hidden=\"true\" class=\"wp-block-spacer thor-hidden-sm thor-hidden-md\"><\/div>\n\n\n\n<div style=\"height:60px\" aria-hidden=\"true\" class=\"wp-block-spacer\"><\/div>\n\n\n\n<div class=\"wp-block-group thor-maxwidth-2xl is-layout-constrained wp-block-group-is-layout-constrained\">\n<div class=\"wp-block-columns muy-tablet-two-columns muy-not-reverted is-layout-flex wp-container-core-columns-is-layout-9d6595d7 wp-block-columns-is-layout-flex\">\n<div class=\"wp-block-column is-layout-flow wp-block-column-is-layout-flow\">\n<h2 class=\"wp-block-heading has-text-align-left is-style-with-animation has-2-5-xl-font-size\" style=\"font-style:normal;font-weight:400\">1. Il Gruppo<\/h2>\n\n\n\n<div style=\"height:15px\" aria-hidden=\"true\" class=\"wp-block-spacer thor-hidden-lg thor-hidden-xl\"><\/div>\n\n\n\n<div style=\"height:30px\" aria-hidden=\"true\" class=\"wp-block-spacer thor-hidden-sm thor-hidden-md\"><\/div>\n\n\n\n<p class=\"has-text-align-left is-style-sans-with-animation has-small-font-size\" style=\"font-style:normal;font-weight:400\">Azimut|Benetti \u00e8 il pi\u00f9 grande Gruppo privato al mondo del settore nautico, leader nella realizzazione di yacht in cui stile e qualit\u00e0 si intrecciano per creare emozioni uniche. L&#8217;eccellenza nasce dalla passione per il prodotto e per le nuove tecnologie e dalla voglia di superarsi sempre. Riscopriamo ogni giorno la bellezza del \u201csaper fare\u201d italiano, dove nessun dettaglio \u00e8 lasciato al caso e le persone sono al centro dell&#8217;intero processo produttivo.<\/p>\n\n\n\n<div style=\"height:30px\" aria-hidden=\"true\" class=\"wp-block-spacer thor-hidden-lg thor-hidden-xl\"><\/div>\n<\/div>\n\n\n\n<div class=\"wp-block-column is-layout-flow wp-block-column-is-layout-flow\">\n<h2 class=\"wp-block-heading has-text-align-left is-style-with-animation has-2-5-xl-font-size\" style=\"font-style:normal;font-weight:400\">2. Perch\u00e8 lavorare con noi<\/h2>\n\n\n\n<div style=\"height:15px\" aria-hidden=\"true\" class=\"wp-block-spacer thor-hidden-lg thor-hidden-xl\"><\/div>\n\n\n\n<div style=\"height:30px\" aria-hidden=\"true\" class=\"wp-block-spacer thor-hidden-sm thor-hidden-md\"><\/div>\n\n\n\n<p class=\"has-text-align-left is-style-sans-with-animation has-small-font-size\" style=\"font-style:normal;font-weight:400\">Essere parte del Gruppo significa condividere la storia, i valori e la tradizione del Made In Italy. Siamo presenti in Italia con le nostre sedi di Avigliana, Livorno, Viareggio, Fano e Savona e nel mondo con le sedi di Fort Lauderdale (USA) e Itaja\u00ed (Brasile).<\/p>\n\n\n\n<div style=\"height:30px\" aria-hidden=\"true\" class=\"wp-block-spacer thor-hidden-lg thor-hidden-xl\"><\/div>\n<\/div>\n\n\n\n<div class=\"wp-block-column is-layout-flow wp-block-column-is-layout-flow\">\n<h2 class=\"wp-block-heading has-text-align-left is-style-with-animation has-2-5-xl-font-size\" style=\"font-style:normal;font-weight:400\">3. The Talent Program<\/h2>\n\n\n\n<div style=\"height:15px\" aria-hidden=\"true\" class=\"wp-block-spacer thor-hidden-lg thor-hidden-xl\"><\/div>\n\n\n\n<div style=\"height:30px\" aria-hidden=\"true\" class=\"wp-block-spacer thor-hidden-sm thor-hidden-md\"><\/div>\n\n\n\n<p class=\"has-text-align-left is-style-sans-with-animation has-small-font-size\" style=\"font-style:normal;font-weight:400\">Sea your future \u00e8 un&#8217;opportunit\u00e0 unica di apprendimento e crescita professionale per brillanti laureati, volta a formare i futuri talenti del Gruppo. Sali a bordo e vivi un&#8217;esperienza interfunzionale e internazionale attraverso una job rotation di due anni in aree strategiche dell&#8217;azienda.<\/p>\n<\/div>\n<\/div>\n<\/div>\n\n\n\n<div style=\"height:90px\" aria-hidden=\"true\" class=\"wp-block-spacer thor-hidden-sm thor-hidden-md\"><\/div>\n\n\n\n<div style=\"height:90px\" aria-hidden=\"true\" class=\"wp-block-spacer\"><\/div>\n\n\n\n<div class=\"wp-block-cover alignfull is-light\" style=\"min-height:75vh;aspect-ratio:unset;\"><span aria-hidden=\"true\" class=\"wp-block-cover__background has-white-background-color has-background-dim-0 has-background-dim\"><\/span><img loading=\"lazy\" decoding=\"async\" width=\"2560\" height=\"1356\" class=\"wp-block-cover__image-background wp-image-3975\" alt=\"\" src=\"https:\/\/www.azimutbenetti.com\/app\/uploads\/2023\/05\/SEAYOURFUTURE-scaled.jpg\" data-object-fit=\"cover\" srcset=\"https:\/\/www.azimutbenetti.com\/app\/uploads\/2023\/05\/SEAYOURFUTURE-scaled.jpg 2560w, https:\/\/www.azimutbenetti.com\/app\/uploads\/2023\/05\/SEAYOURFUTURE-600x318.jpg 600w, https:\/\/www.azimutbenetti.com\/app\/uploads\/2023\/05\/SEAYOURFUTURE-1440x763.jpg 1440w, https:\/\/www.azimutbenetti.com\/app\/uploads\/2023\/05\/SEAYOURFUTURE-1024x543.jpg 1024w, https:\/\/www.azimutbenetti.com\/app\/uploads\/2023\/05\/SEAYOURFUTURE-1536x814.jpg 1536w, https:\/\/www.azimutbenetti.com\/app\/uploads\/2023\/05\/SEAYOURFUTURE-2048x1085.jpg 2048w, https:\/\/www.azimutbenetti.com\/app\/uploads\/2023\/05\/SEAYOURFUTURE-70x37.jpg 70w, https:\/\/www.azimutbenetti.com\/app\/uploads\/2023\/05\/SEAYOURFUTURE-1920x1017.jpg 1920w\" sizes=\"auto, (max-width: 2560px) 100vw, 2560px\" \/><div class=\"wp-block-cover__inner-container is-layout-flow wp-block-cover-is-layout-flow\">\n<p class=\"has-text-align-center has-large-font-size\"><\/p>\n<\/div><\/div>\n\n\n\n<div style=\"height:90px\" aria-hidden=\"true\" class=\"wp-block-spacer thor-hidden-sm thor-hidden-md\"><\/div>\n\n\n\n<div style=\"height:90px\" aria-hidden=\"true\" class=\"wp-block-spacer\"><\/div>\n\n\n\n<h2 class=\"wp-block-heading has-text-align-center is-style-with-animation has-3-5-xl-font-size\" style=\"font-style:normal;font-weight:400\">Informazioni<\/h2>\n\n\n\n<div style=\"height:60px\" aria-hidden=\"true\" class=\"wp-block-spacer thor-hidden-sm thor-hidden-md\"><\/div>\n\n\n\n<div style=\"height:60px\" aria-hidden=\"true\" class=\"wp-block-spacer\"><\/div>\n\n\n\n<div class=\"wp-block-group thor-maxwidth-lg is-layout-constrained wp-block-group-is-layout-constrained\">\n<div class=\"wp-block-columns muy-tablet-two-columns muy-not-reverted is-layout-flex wp-container-core-columns-is-layout-9d6595d7 wp-block-columns-is-layout-flex\">\n<div class=\"wp-block-column is-layout-flow wp-block-column-is-layout-flow\">\n<h2 class=\"wp-block-heading has-text-align-left is-style-with-animation has-2-5-xl-font-size\" style=\"font-style:normal;font-weight:400\">Chi stiamo cercando?<\/h2>\n\n\n\n<div style=\"height:15px\" aria-hidden=\"true\" class=\"wp-block-spacer thor-hidden-lg thor-hidden-xl\"><\/div>\n\n\n\n<div style=\"height:30px\" aria-hidden=\"true\" class=\"wp-block-spacer thor-hidden-sm thor-hidden-md\"><\/div>\n\n\n\n<p class=\"has-text-align-left is-style-sans-with-animation has-small-font-size\" style=\"font-style:normal;font-weight:400\">Persone brillanti e di talento con lauree in: <br>\u2022 Ingegneria<br>\u2022 Economia e management<br>\u2022 Scienze politiche e internazionali. <br><br>Preferibilmente con percorso di studio internazionale o double major<br><\/p>\n\n\n\n<div style=\"height:30px\" aria-hidden=\"true\" class=\"wp-block-spacer thor-hidden-lg thor-hidden-xl\"><\/div>\n<\/div>\n\n\n\n<div class=\"wp-block-column is-layout-flow wp-block-column-is-layout-flow\">\n<h2 class=\"wp-block-heading has-text-align-left is-style-with-animation has-2-5-xl-font-size\" style=\"font-style:normal;font-weight:400\">Il programma prevede:<\/h2>\n\n\n\n<div style=\"height:15px\" aria-hidden=\"true\" class=\"wp-block-spacer thor-hidden-lg thor-hidden-xl\"><\/div>\n\n\n\n<div style=\"height:30px\" aria-hidden=\"true\" class=\"wp-block-spacer thor-hidden-sm thor-hidden-md\"><\/div>\n\n\n\n<p class=\"has-text-align-left is-style-sans-with-animation has-small-font-size\" style=\"font-style:normal;font-weight:400\">Due anni di formazione. Job rotation in quattro funzioni strategiche: Sviluppo Prodotto; Operazioni; Vendite e marketing; Finanza. Esperienza internazionale di 4-6 mesi in una delle sedi estere della societ\u00e0.<\/p>\n<\/div>\n<\/div>\n<\/div>\n\n\n\n<div style=\"height:90px\" aria-hidden=\"true\" class=\"wp-block-spacer thor-hidden-sm thor-hidden-md\"><\/div>\n\n\n\n<div style=\"height:90px\" aria-hidden=\"true\" class=\"wp-block-spacer\"><\/div>\n\n\n\n<div class=\"wp-block-cover alignfull is-light\"><span aria-hidden=\"true\" class=\"wp-block-cover__background has-gray-200-background-color has-background-dim-100 has-background-dim\"><\/span><div class=\"wp-block-cover__inner-container is-layout-flow wp-block-cover-is-layout-flow\">\n<div style=\"height:120px\" aria-hidden=\"true\" class=\"wp-block-spacer thor-hidden-sm thor-hidden-md\"><\/div>\n\n\n\n<div style=\"height:120px\" aria-hidden=\"true\" class=\"wp-block-spacer\"><\/div>\n\n\n\n<div class=\"wp-block-group thor-maxwidth-lg has-white-color has-text-color is-layout-constrained wp-block-group-is-layout-constrained\">\n<h2 class=\"wp-block-heading has-text-align-center has-primary-dark-color has-text-color has-4-xl-font-size\" style=\"font-style:normal;font-weight:300\">Le candidature per questo programma sono chiuse.<\/h2>\n\n\n\n<div style=\"height:60px\" aria-hidden=\"true\" class=\"wp-block-spacer\"><\/div>\n\n\n\n<p class=\"has-text-align-center has-primary-dark-color has-text-color has-small-font-size\">Scoprite qui di seguito le altre opportunit\u00e0 per entrare a far parte del Gruppo.<\/p>\n<\/div>\n\n\n\n<div style=\"height:120px\" aria-hidden=\"true\" class=\"wp-block-spacer thor-hidden-sm thor-hidden-md\"><\/div>\n\n\n\n<div style=\"height:120px\" aria-hidden=\"true\" class=\"wp-block-spacer\"><\/div>\n<\/div><\/div>\n\n\n\n<div class=\"wp-block-cover alignfull\" style=\"min-height:100vh;aspect-ratio:unset;\"><span aria-hidden=\"true\" class=\"wp-block-cover__background has-black-background-color has-background-dim-70 has-background-dim\"><\/span><img loading=\"lazy\" decoding=\"async\" width=\"2560\" height=\"1356\" class=\"wp-block-cover__image-background wp-image-3973\" alt=\"\" src=\"https:\/\/www.azimutbenetti.com\/app\/uploads\/2023\/05\/SEAYOURFUTURE_1-scaled.jpg\" data-object-fit=\"cover\" srcset=\"https:\/\/www.azimutbenetti.com\/app\/uploads\/2023\/05\/SEAYOURFUTURE_1-scaled.jpg 2560w, https:\/\/www.azimutbenetti.com\/app\/uploads\/2023\/05\/SEAYOURFUTURE_1-600x318.jpg 600w, https:\/\/www.azimutbenetti.com\/app\/uploads\/2023\/05\/SEAYOURFUTURE_1-1440x763.jpg 1440w, https:\/\/www.azimutbenetti.com\/app\/uploads\/2023\/05\/SEAYOURFUTURE_1-1024x543.jpg 1024w, https:\/\/www.azimutbenetti.com\/app\/uploads\/2023\/05\/SEAYOURFUTURE_1-1536x814.jpg 1536w, https:\/\/www.azimutbenetti.com\/app\/uploads\/2023\/05\/SEAYOURFUTURE_1-2048x1085.jpg 2048w, https:\/\/www.azimutbenetti.com\/app\/uploads\/2023\/05\/SEAYOURFUTURE_1-70x37.jpg 70w, https:\/\/www.azimutbenetti.com\/app\/uploads\/2023\/05\/SEAYOURFUTURE_1-1920x1017.jpg 1920w\" sizes=\"auto, (max-width: 2560px) 100vw, 2560px\" \/><div class=\"wp-block-cover__inner-container is-layout-flow wp-block-cover-is-layout-flow\">\n<div class=\"wp-block-group thor-maxwidth-lg is-layout-constrained wp-block-group-is-layout-constrained\">\n<h2 class=\"wp-block-heading has-text-align-center has-4-xl-font-size\" style=\"font-style:normal;font-weight:300\">Scopri altre opportunit\u00e0 di entrare a far parte del Gruppo.<\/h2>\n\n\n\n<div style=\"height:60px\" aria-hidden=\"true\" class=\"wp-block-spacer\"><\/div>\n\n\n\n<p class=\"has-text-align-center has-white-color has-text-color has-small-font-size\">Se desideri collaborare con Azimut|Benetti ma non rientri nei parametri previsti da Sea your future, scopri le posizioni aperte e le diverse opportunit\u00e0.<\/p>\n\n\n\n<div style=\"height:60px\" aria-hidden=\"true\" class=\"wp-block-spacer\"><\/div>\n\n\n\n<div class=\"wp-block-buttons is-content-justification-center is-layout-flex wp-container-core-buttons-is-layout-16018d1d wp-block-buttons-is-layout-flex\">\n<div class=\"wp-block-button has-custom-font-size is-style-underline-with-animation has-small-font-size\"><a class=\"wp-block-button__link has-white-color has-text-color has-text-align-center wp-element-button\" href=\"https:\/\/www.linkedin.com\/company\/azimut-benetti\/jobs\/\" target=\"_blank\" rel=\"noreferrer noopener\">Scopri le posizioni aperte<\/a><\/div>\n<\/div>\n<\/div>\n<\/div><\/div>\n","protected":false},"excerpt":{"rendered":"<p>Il Talent Program di Azimut|Benetti Group 1. Il Gruppo Azimut|Benetti \u00e8 il pi\u00f9 grande Gruppo privato al mondo del settore&#8230;<\/p>\n","protected":false},"author":1,"featured_media":0,"parent":0,"menu_order":0,"comment_status":"closed","ping_status":"closed","template":"","meta":{"_acf_changed":false,"inline_featured_image":false,"footnotes":""},"class_list":["post-743","page","type-page","status-publish","hentry"],"acf":[],"yoast_head":"<!-- This site is optimized with the Yoast SEO plugin v26.9 - https:\/\/yoast.com\/product\/yoast-seo-wordpress\/ -->\n<title>Sea your future - Azimut|Benetti Group<\/title>\n<meta name=\"robots\" content=\"index, follow, max-snippet:-1, max-image-preview:large, max-video-preview:-1\" \/>\n<link rel=\"canonical\" href=\"https:\/\/www.azimutbenetti.com\/it\/sea-your-future\/\" \/>\n<meta property=\"og:locale\" content=\"it_IT\" \/>\n<meta property=\"og:type\" content=\"article\" \/>\n<meta property=\"og:title\" content=\"Sea your future - Azimut|Benetti Group\" \/>\n<meta property=\"og:description\" content=\"Il Talent Program di Azimut|Benetti Group 1. Il Gruppo Azimut|Benetti \u00e8 il pi\u00f9 grande Gruppo privato al mondo del settore...\" \/>\n<meta property=\"og:url\" content=\"https:\/\/www.azimutbenetti.com\/it\/sea-your-future\/\" \/>\n<meta property=\"og:site_name\" content=\"Azimut|Benetti Group\" \/>\n<meta property=\"article:modified_time\" content=\"2024-04-10T08:07:13+00:00\" \/>\n<meta property=\"og:image\" content=\"https:\/\/www.azimutbenetti.com\/app\/uploads\/2023\/05\/SEAYOURFUTURE-scaled.jpg\" \/>\n<meta name=\"twitter:card\" content=\"summary_large_image\" \/>\n<meta name=\"twitter:label1\" content=\"Tempo di lettura stimato\" \/>\n\t<meta name=\"twitter:data1\" content=\"3 minuti\" \/>\n<script type=\"application\/ld+json\" class=\"yoast-schema-graph\">{\"@context\":\"https:\/\/schema.org\",\"@graph\":[{\"@type\":\"WebPage\",\"@id\":\"https:\/\/www.azimutbenetti.com\/it\/sea-your-future\/\",\"url\":\"https:\/\/www.azimutbenetti.com\/it\/sea-your-future\/\",\"name\":\"Sea your future - Azimut|Benetti Group\",\"isPartOf\":{\"@id\":\"https:\/\/www.azimutbenetti.com\/#website\"},\"primaryImageOfPage\":{\"@id\":\"https:\/\/www.azimutbenetti.com\/it\/sea-your-future\/#primaryimage\"},\"image\":{\"@id\":\"https:\/\/www.azimutbenetti.com\/it\/sea-your-future\/#primaryimage\"},\"thumbnailUrl\":\"https:\/\/www.azimutbenetti.com\/app\/uploads\/2023\/05\/SEAYOURFUTURE-scaled.jpg\",\"datePublished\":\"2023-03-21T16:25:55+00:00\",\"dateModified\":\"2024-04-10T08:07:13+00:00\",\"breadcrumb\":{\"@id\":\"https:\/\/www.azimutbenetti.com\/it\/sea-your-future\/#breadcrumb\"},\"inLanguage\":\"it-IT\",\"potentialAction\":[{\"@type\":\"ReadAction\",\"target\":[\"https:\/\/www.azimutbenetti.com\/it\/sea-your-future\/\"]}]},{\"@type\":\"ImageObject\",\"inLanguage\":\"it-IT\",\"@id\":\"https:\/\/www.azimutbenetti.com\/it\/sea-your-future\/#primaryimage\",\"url\":\"https:\/\/www.azimutbenetti.com\/app\/uploads\/2023\/05\/SEAYOURFUTURE-scaled.jpg\",\"contentUrl\":\"https:\/\/www.azimutbenetti.com\/app\/uploads\/2023\/05\/SEAYOURFUTURE-scaled.jpg\"},{\"@type\":\"BreadcrumbList\",\"@id\":\"https:\/\/www.azimutbenetti.com\/it\/sea-your-future\/#breadcrumb\",\"itemListElement\":[{\"@type\":\"ListItem\",\"position\":1,\"name\":\"Home\",\"item\":\"https:\/\/www.azimutbenetti.com\/it\/\"},{\"@type\":\"ListItem\",\"position\":2,\"name\":\"Sea your future\"}]},{\"@type\":\"WebSite\",\"@id\":\"https:\/\/www.azimutbenetti.com\/#website\",\"url\":\"https:\/\/www.azimutbenetti.com\/\",\"name\":\"Azimut|Benetti Group\",\"description\":\"In Mare. La bellezza. Il futuro. Un Gruppo.\",\"publisher\":{\"@id\":\"https:\/\/www.azimutbenetti.com\/#organization\"},\"potentialAction\":[{\"@type\":\"SearchAction\",\"target\":{\"@type\":\"EntryPoint\",\"urlTemplate\":\"https:\/\/www.azimutbenetti.com\/?s={search_term_string}\"},\"query-input\":{\"@type\":\"PropertyValueSpecification\",\"valueRequired\":true,\"valueName\":\"search_term_string\"}}],\"inLanguage\":\"it-IT\"},{\"@type\":\"Organization\",\"@id\":\"https:\/\/www.azimutbenetti.com\/#organization\",\"name\":\"Azimut | Benetti\",\"url\":\"https:\/\/www.azimutbenetti.com\/\",\"logo\":{\"@type\":\"ImageObject\",\"inLanguage\":\"it-IT\",\"@id\":\"https:\/\/www.azimutbenetti.com\/#\/schema\/logo\/image\/\",\"url\":\"https:\/\/www.azimutbenetti.com\/app\/uploads\/2023\/04\/cropped-FAVICON_01.png\",\"contentUrl\":\"https:\/\/www.azimutbenetti.com\/app\/uploads\/2023\/04\/cropped-FAVICON_01.png\",\"width\":512,\"height\":512,\"caption\":\"Azimut | Benetti\"},\"image\":{\"@id\":\"https:\/\/www.azimutbenetti.com\/#\/schema\/logo\/image\/\"}}]}<\/script>\n<!-- \/ Yoast SEO plugin. -->","yoast_head_json":{"title":"Sea your future - Azimut|Benetti Group","robots":{"index":"index","follow":"follow","max-snippet":"max-snippet:-1","max-image-preview":"max-image-preview:large","max-video-preview":"max-video-preview:-1"},"canonical":"https:\/\/www.azimutbenetti.com\/it\/sea-your-future\/","og_locale":"it_IT","og_type":"article","og_title":"Sea your future - Azimut|Benetti Group","og_description":"Il Talent Program di Azimut|Benetti Group 1. Il Gruppo Azimut|Benetti \u00e8 il pi\u00f9 grande Gruppo privato al mondo del settore...","og_url":"https:\/\/www.azimutbenetti.com\/it\/sea-your-future\/","og_site_name":"Azimut|Benetti Group","article_modified_time":"2024-04-10T08:07:13+00:00","og_image":[{"url":"https:\/\/www.azimutbenetti.com\/app\/uploads\/2023\/05\/SEAYOURFUTURE-scaled.jpg","type":"","width":"","height":""}],"twitter_card":"summary_large_image","twitter_misc":{"Tempo di lettura stimato":"3 minuti"},"schema":{"@context":"https:\/\/schema.org","@graph":[{"@type":"WebPage","@id":"https:\/\/www.azimutbenetti.com\/it\/sea-your-future\/","url":"https:\/\/www.azimutbenetti.com\/it\/sea-your-future\/","name":"Sea your future - Azimut|Benetti Group","isPartOf":{"@id":"https:\/\/www.azimutbenetti.com\/#website"},"primaryImageOfPage":{"@id":"https:\/\/www.azimutbenetti.com\/it\/sea-your-future\/#primaryimage"},"image":{"@id":"https:\/\/www.azimutbenetti.com\/it\/sea-your-future\/#primaryimage"},"thumbnailUrl":"https:\/\/www.azimutbenetti.com\/app\/uploads\/2023\/05\/SEAYOURFUTURE-scaled.jpg","datePublished":"2023-03-21T16:25:55+00:00","dateModified":"2024-04-10T08:07:13+00:00","breadcrumb":{"@id":"https:\/\/www.azimutbenetti.com\/it\/sea-your-future\/#breadcrumb"},"inLanguage":"it-IT","potentialAction":[{"@type":"ReadAction","target":["https:\/\/www.azimutbenetti.com\/it\/sea-your-future\/"]}]},{"@type":"ImageObject","inLanguage":"it-IT","@id":"https:\/\/www.azimutbenetti.com\/it\/sea-your-future\/#primaryimage","url":"https:\/\/www.azimutbenetti.com\/app\/uploads\/2023\/05\/SEAYOURFUTURE-scaled.jpg","contentUrl":"https:\/\/www.azimutbenetti.com\/app\/uploads\/2023\/05\/SEAYOURFUTURE-scaled.jpg"},{"@type":"BreadcrumbList","@id":"https:\/\/www.azimutbenetti.com\/it\/sea-your-future\/#breadcrumb","itemListElement":[{"@type":"ListItem","position":1,"name":"Home","item":"https:\/\/www.azimutbenetti.com\/it\/"},{"@type":"ListItem","position":2,"name":"Sea your future"}]},{"@type":"WebSite","@id":"https:\/\/www.azimutbenetti.com\/#website","url":"https:\/\/www.azimutbenetti.com\/","name":"Azimut|Benetti Group","description":"In Mare. La bellezza. Il futuro. Un Gruppo.","publisher":{"@id":"https:\/\/www.azimutbenetti.com\/#organization"},"potentialAction":[{"@type":"SearchAction","target":{"@type":"EntryPoint","urlTemplate":"https:\/\/www.azimutbenetti.com\/?s={search_term_string}"},"query-input":{"@type":"PropertyValueSpecification","valueRequired":true,"valueName":"search_term_string"}}],"inLanguage":"it-IT"},{"@type":"Organization","@id":"https:\/\/www.azimutbenetti.com\/#organization","name":"Azimut | Benetti","url":"https:\/\/www.azimutbenetti.com\/","logo":{"@type":"ImageObject","inLanguage":"it-IT","@id":"https:\/\/www.azimutbenetti.com\/#\/schema\/logo\/image\/","url":"https:\/\/www.azimutbenetti.com\/app\/uploads\/2023\/04\/cropped-FAVICON_01.png","contentUrl":"https:\/\/www.azimutbenetti.com\/app\/uploads\/2023\/04\/cropped-FAVICON_01.png","width":512,"height":512,"caption":"Azimut | Benetti"},"image":{"@id":"https:\/\/www.azimutbenetti.com\/#\/schema\/logo\/image\/"}}]}},"_links":{"self":[{"href":"https:\/\/www.azimutbenetti.com\/it\/wp-json\/wp\/v2\/pages\/743","targetHints":{"allow":["GET"]}}],"collection":[{"href":"https:\/\/www.azimutbenetti.com\/it\/wp-json\/wp\/v2\/pages"}],"about":[{"href":"https:\/\/www.azimutbenetti.com\/it\/wp-json\/wp\/v2\/types\/page"}],"author":[{"embeddable":true,"href":"https:\/\/www.azimutbenetti.com\/it\/wp-json\/wp\/v2\/users\/1"}],"replies":[{"embeddable":true,"href":"https:\/\/www.azimutbenetti.com\/it\/wp-json\/wp\/v2\/comments?post=743"}],"version-history":[{"count":67,"href":"https:\/\/www.azimutbenetti.com\/it\/wp-json\/wp\/v2\/pages\/743\/revisions"}],"predecessor-version":[{"id":4019,"href":"https:\/\/www.azimutbenetti.com\/it\/wp-json\/wp\/v2\/pages\/743\/revisions\/4019"}],"wp:attachment":[{"href":"https:\/\/www.azimutbenetti.com\/it\/wp-json\/wp\/v2\/media?parent=743"}],"curies":[{"name":"wp","href":"https:\/\/api.w.org\/{rel}","templated":true}]}}