{"id":722,"date":"2023-03-16T15:39:54","date_gmt":"2023-03-16T14:39:54","guid":{"rendered":"https:\/\/www.azimutbenetti.com\/?page_id=722"},"modified":"2023-05-31T10:49:25","modified_gmt":"2023-05-31T08:49:25","slug":"i-brand","status":"publish","type":"page","link":"https:\/\/www.azimutbenetti.com\/it\/i-brand\/","title":{"rendered":"I Brand"},"content":{"rendered":"\n<div class=\"wp-block-group thor-maxwidth-lg has-3-xl-font-size is-layout-constrained wp-block-group-is-layout-constrained\">\n<h2 class=\"wp-block-heading has-text-align-center is-style-with-animation has-3-5-xl-font-size\">Da oltre 50 anni, la passione, la qualit\u00e0 e la cura del dettaglio sono i valori che contraddistinguono i brand del Gruppo Azimut|Benetti.<\/h2>\n\n\n\n<div style=\"height:30px\" aria-hidden=\"true\" class=\"wp-block-spacer thor-hidden-sm thor-hidden-md\"><\/div>\n\n\n\n<div style=\"height:30px\" aria-hidden=\"true\" class=\"wp-block-spacer\"><\/div>\n<\/div>\n\n\n\n<div class=\"wp-block-group thor-maxwidth-md is-layout-constrained wp-block-group-is-layout-constrained\">\n<p class=\"has-text-align-center is-style-sans-with-animation has-small-font-size\" style=\"font-style:normal;font-weight:400\">Dalla produzione fino all\u2019assistenza, passando per l\u2019ospitalit\u00e0, la storia del Gruppo \u00e8 quella pioneristica di chi sperimenta soluzioni mai viste prima, ottimizza comfort e prestazioni in un&#8217;ottica sostenibile, matura un gusto estetico del tutto originale. \u00c8 la storia di chi rivoluziona la vita a bordo e traccia le nuove rotte dell&#8217;industria nautica, poi solcate dai cantieri di tutto il mondo. \u00c8 una storia di stile italiano e di design sempre in evoluzione.<\/p>\n\n\n\n<div style=\"height:60px\" aria-hidden=\"true\" class=\"wp-block-spacer\"><\/div>\n\n\n\n<figure class=\"wp-block-image aligncenter size-full is-resized is-style-with-transition\"><img loading=\"lazy\" decoding=\"async\" src=\"https:\/\/www.azimutbenetti.com\/app\/uploads\/2023\/04\/BRANDS_LOGHI.jpg\" alt=\"\" class=\"wp-image-2838\" width=\"550\" height=\"60\" srcset=\"https:\/\/www.azimutbenetti.com\/app\/uploads\/2023\/04\/BRANDS_LOGHI.jpg 1100w, https:\/\/www.azimutbenetti.com\/app\/uploads\/2023\/04\/BRANDS_LOGHI-600x65.jpg 600w, https:\/\/www.azimutbenetti.com\/app\/uploads\/2023\/04\/BRANDS_LOGHI-1024x112.jpg 1024w, https:\/\/www.azimutbenetti.com\/app\/uploads\/2023\/04\/BRANDS_LOGHI-70x8.jpg 70w\" sizes=\"auto, (max-width: 550px) 100vw, 550px\" \/><\/figure>\n\n\n\n<div style=\"height:90px\" aria-hidden=\"true\" class=\"wp-block-spacer thor-hidden-sm thor-hidden-md\"><\/div>\n\n\n\n<div style=\"height:90px\" aria-hidden=\"true\" class=\"wp-block-spacer\"><\/div>\n<\/div>\n\n\n\n<div class=\"wp-block-group alignfull thor-maxwidth-default has-background is-layout-flow wp-block-group-is-layout-flow\" id=\"yacths-superyachts\" style=\"background-color:#f5f5f5\">\n<div class=\"wp-block-group thor-maxwidth-lg is-layout-constrained wp-block-group-is-layout-constrained\">\n<div style=\"height:90px\" aria-hidden=\"true\" class=\"wp-block-spacer thor-hidden-sm thor-hidden-md\"><\/div>\n\n\n\n<div style=\"height:90px\" aria-hidden=\"true\" class=\"wp-block-spacer\"><\/div>\n\n\n\n<p class=\"has-text-align-center is-style-sans-with-animation has-extra-small-font-size\" style=\"font-style:normal;font-weight:700\">YACHTS &amp; SUPERYACHTS<\/p>\n\n\n\n<div style=\"height:30px\" aria-hidden=\"true\" class=\"wp-block-spacer thor-hidden-sm thor-hidden-md\"><\/div>\n\n\n\n<div style=\"height:30px\" aria-hidden=\"true\" class=\"wp-block-spacer\"><\/div>\n\n\n\n<h2 class=\"wp-block-heading has-text-align-center is-style-with-animation has-3-5-xl-font-size\" style=\"font-style:normal;font-weight:400\">Linee fluide, comfort, eleganza e un inconfondibile stile italiano. Imbarcazioni sicure, efficienti e all\u2019avanguardia, con un approccio improntato sull\u2019eco-consapevolezza.<\/h2>\n\n\n\n<div style=\"height:60px\" aria-hidden=\"true\" class=\"wp-block-spacer thor-hidden-sm thor-hidden-md\"><\/div>\n\n\n\n<div style=\"height:60px\" aria-hidden=\"true\" class=\"wp-block-spacer\"><\/div>\n<\/div>\n\n\n\n<div class=\"wp-block-group thor-maxwidth-2xl is-layout-constrained wp-block-group-is-layout-constrained\">\n<div class=\"wp-block-columns muy-tablet-two-columns muy-not-reverted is-layout-flex wp-container-core-columns-is-layout-9d6595d7 wp-block-columns-is-layout-flex\">\n<div class=\"wp-block-column is-layout-flow wp-block-column-is-layout-flow\">\n<figure class=\"wp-block-image size-full is-style-width-full-with-transition\"><a href=\"https:\/\/azimutyachts.com\/\" target=\"_blank\" rel=\"noreferrer noopener\"><img loading=\"lazy\" decoding=\"async\" width=\"1300\" height=\"650\" src=\"https:\/\/www.azimutbenetti.com\/app\/uploads\/2023\/04\/BRANDS_AZIMUT.jpg\" alt=\"\" class=\"wp-image-2824\" srcset=\"https:\/\/www.azimutbenetti.com\/app\/uploads\/2023\/04\/BRANDS_AZIMUT.jpg 1300w, https:\/\/www.azimutbenetti.com\/app\/uploads\/2023\/04\/BRANDS_AZIMUT-600x300.jpg 600w, https:\/\/www.azimutbenetti.com\/app\/uploads\/2023\/04\/BRANDS_AZIMUT-1024x512.jpg 1024w, https:\/\/www.azimutbenetti.com\/app\/uploads\/2023\/04\/BRANDS_AZIMUT-70x35.jpg 70w\" sizes=\"auto, (max-width: 1300px) 100vw, 1300px\" \/><\/a><\/figure>\n\n\n\n<div style=\"height:30px\" aria-hidden=\"true\" class=\"wp-block-spacer\"><\/div>\n\n\n\n<h2 class=\"wp-block-heading has-text-align-left is-style-with-animation has-2-5-xl-font-size\" style=\"font-style:normal;font-weight:400\">Azimut<\/h2>\n\n\n\n<div style=\"height:15px\" aria-hidden=\"true\" class=\"wp-block-spacer thor-hidden-lg thor-hidden-xl\"><\/div>\n\n\n\n<div style=\"height:30px\" aria-hidden=\"true\" class=\"wp-block-spacer thor-hidden-sm thor-hidden-md\"><\/div>\n\n\n\n<p class=\"has-text-align-left is-style-sans-with-animation has-small-font-size\" style=\"font-style:normal;font-weight:400\">Fondata da Paolo Vitelli nel 1969, Azimut Yachts offre ad armatori di tutto il mondo un&#8217;ampia gamma di imbarcazioni a motore dai 13 ai 38 metri, organizzata in sette linee. Il brand si caratterizza per il suo spiccato spirito innovatore che lo rende anticipatore di tendenze e soluzioni tecnologiche e di design riconosciute da tutto il mondo della nautica.<\/p>\n\n\n\n<div style=\"height:30px\" aria-hidden=\"true\" class=\"wp-block-spacer\"><\/div>\n\n\n\n<div class=\"wp-block-buttons is-layout-flex wp-block-buttons-is-layout-flex\">\n<div class=\"wp-block-button has-custom-font-size is-style-underline-with-animation has-small-font-size\"><a class=\"wp-block-button__link has-black-color has-text-color wp-element-button\" href=\"https:\/\/azimutyachts.com\/\" target=\"_blank\" rel=\"noreferrer noopener\"><em>Scopri di pi\u00f9<\/em><\/a><\/div>\n<\/div>\n\n\n\n<div style=\"height:30px\" aria-hidden=\"true\" class=\"wp-block-spacer thor-hidden-lg thor-hidden-xl\"><\/div>\n<\/div>\n\n\n\n<div class=\"wp-block-column is-layout-flow wp-block-column-is-layout-flow\">\n<figure class=\"wp-block-image size-large is-style-width-full-with-transition\"><a href=\"https:\/\/www.benettiyachts.it\/\" target=\"_blank\" rel=\"noreferrer noopener\"><img loading=\"lazy\" decoding=\"async\" width=\"1440\" height=\"720\" src=\"https:\/\/www.azimutbenetti.com\/app\/uploads\/2023\/05\/BRANDS_BENETTI-1440x720.jpg\" alt=\"\" class=\"wp-image-4024\" srcset=\"https:\/\/www.azimutbenetti.com\/app\/uploads\/2023\/05\/BRANDS_BENETTI-1440x720.jpg 1440w, https:\/\/www.azimutbenetti.com\/app\/uploads\/2023\/05\/BRANDS_BENETTI-600x300.jpg 600w, https:\/\/www.azimutbenetti.com\/app\/uploads\/2023\/05\/BRANDS_BENETTI-1024x512.jpg 1024w, https:\/\/www.azimutbenetti.com\/app\/uploads\/2023\/05\/BRANDS_BENETTI-1536x768.jpg 1536w, https:\/\/www.azimutbenetti.com\/app\/uploads\/2023\/05\/BRANDS_BENETTI-2048x1024.jpg 2048w, https:\/\/www.azimutbenetti.com\/app\/uploads\/2023\/05\/BRANDS_BENETTI-70x35.jpg 70w, https:\/\/www.azimutbenetti.com\/app\/uploads\/2023\/05\/BRANDS_BENETTI-1920x960.jpg 1920w\" sizes=\"auto, (max-width: 1440px) 100vw, 1440px\" \/><\/a><\/figure>\n\n\n\n<div style=\"height:30px\" aria-hidden=\"true\" class=\"wp-block-spacer\"><\/div>\n\n\n\n<h2 class=\"wp-block-heading has-text-align-left is-style-with-animation has-2-5-xl-font-size\" style=\"font-style:normal;font-weight:400\">Benetti<\/h2>\n\n\n\n<div style=\"height:15px\" aria-hidden=\"true\" class=\"wp-block-spacer thor-hidden-lg thor-hidden-xl\"><\/div>\n\n\n\n<div style=\"height:30px\" aria-hidden=\"true\" class=\"wp-block-spacer thor-hidden-sm thor-hidden-md\"><\/div>\n\n\n\n<p class=\"has-text-align-left is-style-sans-with-animation has-small-font-size\" style=\"font-style:normal;font-weight:400\">Simbolo di uno stile senza tempo e di eccellenti capacit\u00e0 costruttive, Benetti \u00e8 considerata a pieno titolo tra i pi\u00f9 grandi costruttori mondiali di megayachtt da 37 a oltre i 100 metri. Opera nello storico headquarter di Viareggio e nell\u2019unit\u00e0 produttiva di Livorno, che ad oggi \u00e8 il pi\u00f9 grande cantiere in attivit\u00e0 del mondo. <\/p>\n\n\n\n<div style=\"height:30px\" aria-hidden=\"true\" class=\"wp-block-spacer\"><\/div>\n\n\n\n<div class=\"wp-block-buttons is-layout-flex wp-block-buttons-is-layout-flex\">\n<div class=\"wp-block-button has-custom-font-size is-style-underline-with-animation has-small-font-size\"><a class=\"wp-block-button__link has-black-color has-text-color wp-element-button\" href=\"https:\/\/www.benettiyachts.it\/\" target=\"_blank\" rel=\"noreferrer noopener\"><em>Scopri di pi\u00f9<\/em><\/a><\/div>\n<\/div>\n<\/div>\n<\/div>\n\n\n\n<div style=\"height:90px\" aria-hidden=\"true\" class=\"wp-block-spacer thor-hidden-sm thor-hidden-md\"><\/div>\n\n\n\n<div style=\"height:90px\" aria-hidden=\"true\" class=\"wp-block-spacer\"><\/div>\n<\/div>\n<\/div>\n\n\n\n<div class=\"wp-block-group alignfull thor-maxwidth-default has-white-background-color has-background is-layout-flow wp-block-group-is-layout-flow\" id=\"interior-design-e-refit\">\n<div class=\"wp-block-group thor-maxwidth-lg is-layout-constrained wp-block-group-is-layout-constrained\">\n<div style=\"height:90px\" aria-hidden=\"true\" class=\"wp-block-spacer thor-hidden-sm thor-hidden-md\"><\/div>\n\n\n\n<div style=\"height:90px\" aria-hidden=\"true\" class=\"wp-block-spacer\"><\/div>\n\n\n\n<p class=\"has-text-align-center is-style-sans-with-animation has-extra-small-font-size\" style=\"font-style:normal;font-weight:700\">INTERIOR DESIGN &amp; REFIT<\/p>\n\n\n\n<div style=\"height:30px\" aria-hidden=\"true\" class=\"wp-block-spacer\"><\/div>\n\n\n\n<h2 class=\"wp-block-heading has-text-align-center is-style-with-animation\" style=\"font-size:32px;font-style:normal;font-weight:400\">Servizi unici e personalizzati per la vita a bordo, la manutenzione e il refitting.<\/h2>\n\n\n\n<div style=\"height:60px\" aria-hidden=\"true\" class=\"wp-block-spacer thor-hidden-sm thor-hidden-md\"><\/div>\n\n\n\n<div style=\"height:60px\" aria-hidden=\"true\" class=\"wp-block-spacer\"><\/div>\n<\/div>\n\n\n\n<div class=\"wp-block-group thor-maxwidth-2xl is-layout-constrained wp-block-group-is-layout-constrained\">\n<div class=\"wp-block-columns muy-tablet-two-columns muy-not-reverted is-layout-flex wp-container-core-columns-is-layout-9d6595d7 wp-block-columns-is-layout-flex\">\n<div class=\"wp-block-column is-layout-flow wp-block-column-is-layout-flow\">\n<figure class=\"wp-block-image alignleft size-full is-style-width-full-with-transition\"><a href=\"https:\/\/www.lusben.com\/\" target=\"_blank\" rel=\"noreferrer noopener\"><img loading=\"lazy\" decoding=\"async\" width=\"1300\" height=\"650\" src=\"https:\/\/www.azimutbenetti.com\/app\/uploads\/2023\/04\/BRANDS_LUSBEN.jpg\" alt=\"\" class=\"wp-image-2828\" srcset=\"https:\/\/www.azimutbenetti.com\/app\/uploads\/2023\/04\/BRANDS_LUSBEN.jpg 1300w, https:\/\/www.azimutbenetti.com\/app\/uploads\/2023\/04\/BRANDS_LUSBEN-600x300.jpg 600w, https:\/\/www.azimutbenetti.com\/app\/uploads\/2023\/04\/BRANDS_LUSBEN-1024x512.jpg 1024w, https:\/\/www.azimutbenetti.com\/app\/uploads\/2023\/04\/BRANDS_LUSBEN-70x35.jpg 70w\" sizes=\"auto, (max-width: 1300px) 100vw, 1300px\" \/><\/a><\/figure>\n\n\n\n<div style=\"height:30px\" aria-hidden=\"true\" class=\"wp-block-spacer\"><\/div>\n\n\n\n<h2 class=\"wp-block-heading has-text-align-left is-style-with-animation has-2-5-xl-font-size\" style=\"font-style:normal;font-weight:400\">Lusben<\/h2>\n\n\n\n<div style=\"height:15px\" aria-hidden=\"true\" class=\"wp-block-spacer thor-hidden-lg thor-hidden-xl\"><\/div>\n\n\n\n<div style=\"height:30px\" aria-hidden=\"true\" class=\"wp-block-spacer thor-hidden-sm thor-hidden-md\"><\/div>\n\n\n\n<p class=\"has-text-align-left is-style-sans-with-animation has-small-font-size\" style=\"font-style:normal;font-weight:400\">Lusben \u00e8 uno dei principali cantieri di yacht refit del bacino Nord Mediterraneo. Attraverso una rete dedicata di tre strutture all&#8217;avanguardia &#8211; Viareggio, Livorno e Varazze &#8211; il cantiere realizza importanti progetti e servizi su misura per i superyacht e i sailing yacht mondiali, con un altissimo livello di professionalit\u00e0, competenze e saper fare Italiano.<\/p>\n\n\n\n<div style=\"height:30px\" aria-hidden=\"true\" class=\"wp-block-spacer\"><\/div>\n\n\n\n<div class=\"wp-block-buttons is-layout-flex wp-block-buttons-is-layout-flex\">\n<div class=\"wp-block-button has-custom-font-size is-style-underline-with-animation has-small-font-size\"><a class=\"wp-block-button__link has-black-color has-text-color wp-element-button\" href=\"https:\/\/www.lusben.com\/\" target=\"_blank\" rel=\"noreferrer noopener\"><em>Scopri di pi\u00f9<\/em><\/a><\/div>\n<\/div>\n\n\n\n<div style=\"height:30px\" aria-hidden=\"true\" class=\"wp-block-spacer thor-hidden-lg thor-hidden-xl\"><\/div>\n<\/div>\n\n\n\n<div class=\"wp-block-column is-layout-flow wp-block-column-is-layout-flow\">\n<figure class=\"wp-block-image alignleft size-full is-style-width-full-with-transition\"><a href=\"https:\/\/www.yachtique.it\/\" target=\"_blank\" rel=\"noreferrer noopener\"><img loading=\"lazy\" decoding=\"async\" width=\"1300\" height=\"650\" src=\"https:\/\/www.azimutbenetti.com\/app\/uploads\/2023\/04\/BRANDS_YACHTIQUE.jpg\" alt=\"\" class=\"wp-image-2830\" srcset=\"https:\/\/www.azimutbenetti.com\/app\/uploads\/2023\/04\/BRANDS_YACHTIQUE.jpg 1300w, https:\/\/www.azimutbenetti.com\/app\/uploads\/2023\/04\/BRANDS_YACHTIQUE-600x300.jpg 600w, https:\/\/www.azimutbenetti.com\/app\/uploads\/2023\/04\/BRANDS_YACHTIQUE-1024x512.jpg 1024w, https:\/\/www.azimutbenetti.com\/app\/uploads\/2023\/04\/BRANDS_YACHTIQUE-70x35.jpg 70w\" sizes=\"auto, (max-width: 1300px) 100vw, 1300px\" \/><\/a><\/figure>\n\n\n\n<div style=\"height:30px\" aria-hidden=\"true\" class=\"wp-block-spacer\"><\/div>\n\n\n\n<h2 class=\"wp-block-heading has-text-align-left is-style-with-animation has-2-5-xl-font-size\" style=\"font-style:normal;font-weight:400\">Yachtique<\/h2>\n\n\n\n<div style=\"height:15px\" aria-hidden=\"true\" class=\"wp-block-spacer thor-hidden-lg thor-hidden-xl\"><\/div>\n\n\n\n<div style=\"height:30px\" aria-hidden=\"true\" class=\"wp-block-spacer thor-hidden-sm thor-hidden-md\"><\/div>\n\n\n\n<p class=\"has-text-align-left is-style-sans-with-animation has-small-font-size\" style=\"font-style:normal;font-weight:400\">Fondata nel 2008, Yachtique offre il pi\u00f9 alto servizio di decorazione e fornitura di bordo. Negli anni i servizi si sono ampliati e arricchiti di esperienze eccellenti, arrivando a realizzare soluzioni e progettazioni di interior design su misura.                                                                                                                       <\/p>\n\n\n\n<div style=\"height:30px\" aria-hidden=\"true\" class=\"wp-block-spacer\"><\/div>\n\n\n\n<div class=\"wp-block-buttons is-layout-flex wp-block-buttons-is-layout-flex\">\n<div class=\"wp-block-button has-custom-font-size is-style-underline-with-animation has-small-font-size\"><a class=\"wp-block-button__link has-black-color has-text-color wp-element-button\" href=\"https:\/\/www.yachtique.it\/\" target=\"_blank\" rel=\"noreferrer noopener\"><em>Scopri di pi\u00f9<\/em><\/a><\/div>\n<\/div>\n<\/div>\n<\/div>\n\n\n\n<div style=\"height:90px\" aria-hidden=\"true\" class=\"wp-block-spacer thor-hidden-sm thor-hidden-md\"><\/div>\n\n\n\n<div style=\"height:90px\" aria-hidden=\"true\" class=\"wp-block-spacer\"><\/div>\n<\/div>\n<\/div>\n","protected":false},"excerpt":{"rendered":"<p>Da oltre 50 anni, la passione, la qualit\u00e0 e la cura del dettaglio sono i valori che contraddistinguono i brand&#8230;<\/p>\n","protected":false},"author":1,"featured_media":0,"parent":0,"menu_order":0,"comment_status":"closed","ping_status":"closed","template":"","meta":{"_acf_changed":false,"inline_featured_image":false,"footnotes":""},"class_list":["post-722","page","type-page","status-publish","hentry"],"acf":[],"yoast_head":"<!-- This site is optimized with the Yoast SEO plugin v26.9 - https:\/\/yoast.com\/product\/yoast-seo-wordpress\/ -->\n<title>I Brand - Azimut|Benetti Group<\/title>\n<meta name=\"robots\" content=\"index, follow, max-snippet:-1, max-image-preview:large, max-video-preview:-1\" \/>\n<link rel=\"canonical\" href=\"https:\/\/www.azimutbenetti.com\/it\/i-brand\/\" \/>\n<meta property=\"og:locale\" content=\"it_IT\" \/>\n<meta property=\"og:type\" content=\"article\" \/>\n<meta property=\"og:title\" content=\"I Brand - Azimut|Benetti Group\" \/>\n<meta property=\"og:description\" content=\"Da oltre 50 anni, la passione, la qualit\u00e0 e la cura del dettaglio sono i valori che contraddistinguono i brand...\" \/>\n<meta property=\"og:url\" content=\"https:\/\/www.azimutbenetti.com\/it\/i-brand\/\" \/>\n<meta property=\"og:site_name\" content=\"Azimut|Benetti Group\" \/>\n<meta property=\"article:modified_time\" content=\"2023-05-31T08:49:25+00:00\" \/>\n<meta property=\"og:image\" content=\"https:\/\/www.azimutbenetti.com\/app\/uploads\/2023\/04\/BRANDS_LOGHI.jpg\" \/>\n<meta name=\"twitter:card\" content=\"summary_large_image\" \/>\n<meta name=\"twitter:label1\" content=\"Tempo di lettura stimato\" \/>\n\t<meta name=\"twitter:data1\" content=\"3 minuti\" \/>\n<script type=\"application\/ld+json\" class=\"yoast-schema-graph\">{\"@context\":\"https:\/\/schema.org\",\"@graph\":[{\"@type\":\"WebPage\",\"@id\":\"https:\/\/www.azimutbenetti.com\/it\/i-brand\/\",\"url\":\"https:\/\/www.azimutbenetti.com\/it\/i-brand\/\",\"name\":\"I Brand - Azimut|Benetti Group\",\"isPartOf\":{\"@id\":\"https:\/\/www.azimutbenetti.com\/#website\"},\"primaryImageOfPage\":{\"@id\":\"https:\/\/www.azimutbenetti.com\/it\/i-brand\/#primaryimage\"},\"image\":{\"@id\":\"https:\/\/www.azimutbenetti.com\/it\/i-brand\/#primaryimage\"},\"thumbnailUrl\":\"https:\/\/www.azimutbenetti.com\/app\/uploads\/2023\/04\/BRANDS_LOGHI.jpg\",\"datePublished\":\"2023-03-16T14:39:54+00:00\",\"dateModified\":\"2023-05-31T08:49:25+00:00\",\"breadcrumb\":{\"@id\":\"https:\/\/www.azimutbenetti.com\/it\/i-brand\/#breadcrumb\"},\"inLanguage\":\"it-IT\",\"potentialAction\":[{\"@type\":\"ReadAction\",\"target\":[\"https:\/\/www.azimutbenetti.com\/it\/i-brand\/\"]}]},{\"@type\":\"ImageObject\",\"inLanguage\":\"it-IT\",\"@id\":\"https:\/\/www.azimutbenetti.com\/it\/i-brand\/#primaryimage\",\"url\":\"https:\/\/www.azimutbenetti.com\/app\/uploads\/2023\/04\/BRANDS_LOGHI.jpg\",\"contentUrl\":\"https:\/\/www.azimutbenetti.com\/app\/uploads\/2023\/04\/BRANDS_LOGHI.jpg\"},{\"@type\":\"BreadcrumbList\",\"@id\":\"https:\/\/www.azimutbenetti.com\/it\/i-brand\/#breadcrumb\",\"itemListElement\":[{\"@type\":\"ListItem\",\"position\":1,\"name\":\"Home\",\"item\":\"https:\/\/www.azimutbenetti.com\/it\/\"},{\"@type\":\"ListItem\",\"position\":2,\"name\":\"I Brand\"}]},{\"@type\":\"WebSite\",\"@id\":\"https:\/\/www.azimutbenetti.com\/#website\",\"url\":\"https:\/\/www.azimutbenetti.com\/\",\"name\":\"Azimut|Benetti Group\",\"description\":\"In Mare. La bellezza. Il futuro. Un Gruppo.\",\"publisher\":{\"@id\":\"https:\/\/www.azimutbenetti.com\/#organization\"},\"potentialAction\":[{\"@type\":\"SearchAction\",\"target\":{\"@type\":\"EntryPoint\",\"urlTemplate\":\"https:\/\/www.azimutbenetti.com\/?s={search_term_string}\"},\"query-input\":{\"@type\":\"PropertyValueSpecification\",\"valueRequired\":true,\"valueName\":\"search_term_string\"}}],\"inLanguage\":\"it-IT\"},{\"@type\":\"Organization\",\"@id\":\"https:\/\/www.azimutbenetti.com\/#organization\",\"name\":\"Azimut | Benetti\",\"url\":\"https:\/\/www.azimutbenetti.com\/\",\"logo\":{\"@type\":\"ImageObject\",\"inLanguage\":\"it-IT\",\"@id\":\"https:\/\/www.azimutbenetti.com\/#\/schema\/logo\/image\/\",\"url\":\"https:\/\/www.azimutbenetti.com\/app\/uploads\/2023\/04\/cropped-FAVICON_01.png\",\"contentUrl\":\"https:\/\/www.azimutbenetti.com\/app\/uploads\/2023\/04\/cropped-FAVICON_01.png\",\"width\":512,\"height\":512,\"caption\":\"Azimut | Benetti\"},\"image\":{\"@id\":\"https:\/\/www.azimutbenetti.com\/#\/schema\/logo\/image\/\"}}]}<\/script>\n<!-- \/ Yoast SEO plugin. -->","yoast_head_json":{"title":"I Brand - Azimut|Benetti Group","robots":{"index":"index","follow":"follow","max-snippet":"max-snippet:-1","max-image-preview":"max-image-preview:large","max-video-preview":"max-video-preview:-1"},"canonical":"https:\/\/www.azimutbenetti.com\/it\/i-brand\/","og_locale":"it_IT","og_type":"article","og_title":"I Brand - Azimut|Benetti Group","og_description":"Da oltre 50 anni, la passione, la qualit\u00e0 e la cura del dettaglio sono i valori che contraddistinguono i brand...","og_url":"https:\/\/www.azimutbenetti.com\/it\/i-brand\/","og_site_name":"Azimut|Benetti Group","article_modified_time":"2023-05-31T08:49:25+00:00","og_image":[{"url":"https:\/\/www.azimutbenetti.com\/app\/uploads\/2023\/04\/BRANDS_LOGHI.jpg","type":"","width":"","height":""}],"twitter_card":"summary_large_image","twitter_misc":{"Tempo di lettura stimato":"3 minuti"},"schema":{"@context":"https:\/\/schema.org","@graph":[{"@type":"WebPage","@id":"https:\/\/www.azimutbenetti.com\/it\/i-brand\/","url":"https:\/\/www.azimutbenetti.com\/it\/i-brand\/","name":"I Brand - Azimut|Benetti Group","isPartOf":{"@id":"https:\/\/www.azimutbenetti.com\/#website"},"primaryImageOfPage":{"@id":"https:\/\/www.azimutbenetti.com\/it\/i-brand\/#primaryimage"},"image":{"@id":"https:\/\/www.azimutbenetti.com\/it\/i-brand\/#primaryimage"},"thumbnailUrl":"https:\/\/www.azimutbenetti.com\/app\/uploads\/2023\/04\/BRANDS_LOGHI.jpg","datePublished":"2023-03-16T14:39:54+00:00","dateModified":"2023-05-31T08:49:25+00:00","breadcrumb":{"@id":"https:\/\/www.azimutbenetti.com\/it\/i-brand\/#breadcrumb"},"inLanguage":"it-IT","potentialAction":[{"@type":"ReadAction","target":["https:\/\/www.azimutbenetti.com\/it\/i-brand\/"]}]},{"@type":"ImageObject","inLanguage":"it-IT","@id":"https:\/\/www.azimutbenetti.com\/it\/i-brand\/#primaryimage","url":"https:\/\/www.azimutbenetti.com\/app\/uploads\/2023\/04\/BRANDS_LOGHI.jpg","contentUrl":"https:\/\/www.azimutbenetti.com\/app\/uploads\/2023\/04\/BRANDS_LOGHI.jpg"},{"@type":"BreadcrumbList","@id":"https:\/\/www.azimutbenetti.com\/it\/i-brand\/#breadcrumb","itemListElement":[{"@type":"ListItem","position":1,"name":"Home","item":"https:\/\/www.azimutbenetti.com\/it\/"},{"@type":"ListItem","position":2,"name":"I Brand"}]},{"@type":"WebSite","@id":"https:\/\/www.azimutbenetti.com\/#website","url":"https:\/\/www.azimutbenetti.com\/","name":"Azimut|Benetti Group","description":"In Mare. La bellezza. Il futuro. Un Gruppo.","publisher":{"@id":"https:\/\/www.azimutbenetti.com\/#organization"},"potentialAction":[{"@type":"SearchAction","target":{"@type":"EntryPoint","urlTemplate":"https:\/\/www.azimutbenetti.com\/?s={search_term_string}"},"query-input":{"@type":"PropertyValueSpecification","valueRequired":true,"valueName":"search_term_string"}}],"inLanguage":"it-IT"},{"@type":"Organization","@id":"https:\/\/www.azimutbenetti.com\/#organization","name":"Azimut | Benetti","url":"https:\/\/www.azimutbenetti.com\/","logo":{"@type":"ImageObject","inLanguage":"it-IT","@id":"https:\/\/www.azimutbenetti.com\/#\/schema\/logo\/image\/","url":"https:\/\/www.azimutbenetti.com\/app\/uploads\/2023\/04\/cropped-FAVICON_01.png","contentUrl":"https:\/\/www.azimutbenetti.com\/app\/uploads\/2023\/04\/cropped-FAVICON_01.png","width":512,"height":512,"caption":"Azimut | Benetti"},"image":{"@id":"https:\/\/www.azimutbenetti.com\/#\/schema\/logo\/image\/"}}]}},"_links":{"self":[{"href":"https:\/\/www.azimutbenetti.com\/it\/wp-json\/wp\/v2\/pages\/722","targetHints":{"allow":["GET"]}}],"collection":[{"href":"https:\/\/www.azimutbenetti.com\/it\/wp-json\/wp\/v2\/pages"}],"about":[{"href":"https:\/\/www.azimutbenetti.com\/it\/wp-json\/wp\/v2\/types\/page"}],"author":[{"embeddable":true,"href":"https:\/\/www.azimutbenetti.com\/it\/wp-json\/wp\/v2\/users\/1"}],"replies":[{"embeddable":true,"href":"https:\/\/www.azimutbenetti.com\/it\/wp-json\/wp\/v2\/comments?post=722"}],"version-history":[{"count":118,"href":"https:\/\/www.azimutbenetti.com\/it\/wp-json\/wp\/v2\/pages\/722\/revisions"}],"predecessor-version":[{"id":4268,"href":"https:\/\/www.azimutbenetti.com\/it\/wp-json\/wp\/v2\/pages\/722\/revisions\/4268"}],"wp:attachment":[{"href":"https:\/\/www.azimutbenetti.com\/it\/wp-json\/wp\/v2\/media?parent=722"}],"curies":[{"name":"wp","href":"https:\/\/api.w.org\/{rel}","templated":true}]}}