{"id":4955,"date":"2024-04-10T10:00:03","date_gmt":"2024-04-10T08:00:03","guid":{"rendered":"https:\/\/www.azimutbenetti.com\/?page_id=4955"},"modified":"2024-04-10T11:56:38","modified_gmt":"2024-04-10T09:56:38","slug":"company-dna","status":"publish","type":"page","link":"https:\/\/www.azimutbenetti.com\/it\/azimut-benetti-group-corporate-academy\/company-dna\/","title":{"rendered":"Company DNA"},"content":{"rendered":"\n<div class=\"wp-block-group thor-maxwidth-default is-layout-constrained wp-block-group-is-layout-constrained\">\n<figure class=\"wp-block-image aligncenter size-full is-resized\"><img loading=\"lazy\" decoding=\"async\" width=\"1060\" height=\"355\" src=\"https:\/\/www.azimutbenetti.com\/app\/uploads\/2024\/03\/03_monogram_COMPANY-D.N.A.png\" alt=\"\" class=\"wp-image-4873\" style=\"object-fit:cover;width:200px;height:200px\" srcset=\"https:\/\/www.azimutbenetti.com\/app\/uploads\/2024\/03\/03_monogram_COMPANY-D.N.A.png 1060w, https:\/\/www.azimutbenetti.com\/app\/uploads\/2024\/03\/03_monogram_COMPANY-D.N.A-600x201.png 600w, https:\/\/www.azimutbenetti.com\/app\/uploads\/2024\/03\/03_monogram_COMPANY-D.N.A-1024x343.png 1024w, https:\/\/www.azimutbenetti.com\/app\/uploads\/2024\/03\/03_monogram_COMPANY-D.N.A-70x23.png 70w\" sizes=\"auto, (max-width: 1060px) 100vw, 1060px\" \/><\/figure>\n<\/div>\n\n\n\n<div style=\"height:30px\" aria-hidden=\"true\" class=\"wp-block-spacer\"><\/div>\n\n\n\n<div class=\"wp-block-group thor-maxwidth-md is-layout-constrained wp-block-group-is-layout-constrained\">\n<p class=\"has-text-align-center is-style-sans-with-animation has-small-font-size\" style=\"font-style:normal;font-weight:400\">Al centro del Company DNA c&#8217;\u00e8 l\u2019impegno costante a coltivare e affinare le competenze aziendali essenziali per la crescita e l&#8217;evoluzione dell&#8217;organizzazione. Il riconoscimento e l&#8217;allineamento dei singoli individui con i prodotti e l&#8217;etica dell&#8217;azienda sono elementi centrali di questo impegno, che instilla un senso di orgoglio e di appartenenza che funge da forza trainante per il successo collettivo. Alimentando una cultura dell&#8217;apprendimento e dell&#8217;adattamento continui, il Company DNA consente ai dipendenti di abbracciare l&#8217;innovazione, cogliere nuove opportunit\u00e0 e spingere l&#8217;organizzazione verso un&#8217;eccellenza duratura.<\/p>\n\n\n\n<div style=\"height:90px\" aria-hidden=\"true\" class=\"wp-block-spacer\"><\/div>\n\n\n\n<div style=\"height:90px\" aria-hidden=\"true\" class=\"wp-block-spacer\"><\/div>\n<\/div>\n\n\n\n<div class=\"wp-block-group thor-maxwidth-xl is-content-justification-center is-layout-constrained wp-block-group-is-layout-constrained\"><div id=\"thor-statistics-block_31cdc3c47d91260dbfcd1aae7099277d\" class=\"thor-statistics grid-list  three \">\n      <div class=\"statistic-wrapper\">\n      <div class=\"number\">\n        \n                  <span\n            class=\"number-statistic\"\n            data-animation=\"1\"\n            data-one-decimal=\"\"\n            data-target-number=\"7\"\n          >\n                          0\n                      <\/span>\n        \n              <\/div>\n\n      <div class=\"text\">\n        Edizioni svolte\n      <\/div>\n    <\/div>\n      <div class=\"statistic-wrapper\">\n      <div class=\"number\">\n        \n                  <span\n            class=\"number-statistic\"\n            data-animation=\"1\"\n            data-one-decimal=\"\"\n            data-target-number=\"66\"\n          >\n                          0\n                      <\/span>\n        \n              <\/div>\n\n      <div class=\"text\">\n        Partecipanti coinvolti\n      <\/div>\n    <\/div>\n      <div class=\"statistic-wrapper\">\n      <div class=\"number\">\n        \n                  <span\n            class=\"number-statistic\"\n            data-animation=\"1\"\n            data-one-decimal=\"\"\n            data-target-number=\"912\"\n          >\n                          0\n                      <\/span>\n        \n              <\/div>\n\n      <div class=\"text\">\n        Ore erogate\n      <\/div>\n    <\/div>\n  <\/div>\n\n\n<div style=\"height:90px\" aria-hidden=\"true\" class=\"wp-block-spacer thor-hidden-sm thor-hidden-md\"><\/div>\n\n\n\n<div style=\"height:90px\" aria-hidden=\"true\" class=\"wp-block-spacer\"><\/div>\n<\/div>\n\n\n\n<div class=\"wp-block-cover alignfull is-light\" style=\"min-height:350px;aspect-ratio:unset;\"><span aria-hidden=\"true\" class=\"wp-block-cover__background has-background-dim-100 has-background-dim\" style=\"background-color:#f5f5f5\"><\/span><div class=\"wp-block-cover__inner-container is-layout-constrained wp-block-cover-is-layout-constrained\">\n<div class=\"wp-block-cover alignfull\" style=\"min-height:350px;aspect-ratio:unset;\"><span aria-hidden=\"true\" class=\"wp-block-cover__background has-primary-background-color has-background-dim-100 has-background-dim\"><\/span><div class=\"wp-block-cover__inner-container is-layout-constrained wp-block-cover-is-layout-constrained\">\n<div class=\"wp-block-group thor-maxwidth-xl is-layout-constrained wp-block-group-is-layout-constrained\">\n<div style=\"height:30px\" aria-hidden=\"true\" class=\"wp-block-spacer\"><\/div>\n\n\n\n<h2 class=\"wp-block-heading has-text-align-center is-style-with-animation\" style=\"font-size:32px;font-style:normal;font-weight:400\">\u201cSii sempre il meglio di ci\u00f2 che sei. <br>Cerca di scoprire il disegno che sei chiamato ad essere.<br>Poi mettiti con passione a realizzarlo nella vita\u201d. <\/h2>\n\n\n\n<h2 class=\"wp-block-heading has-text-align-center is-style-sans-with-animation is-style-with-animation has-small-font-size\"><em>(Martin Luther King)<\/em><\/h2>\n\n\n\n<div style=\"height:30px\" aria-hidden=\"true\" class=\"wp-block-spacer\"><\/div>\n<\/div>\n<\/div><\/div>\n<\/div><\/div>\n\n\n\n<div style=\"height:180px\" aria-hidden=\"true\" class=\"wp-block-spacer\"><\/div>\n\n\n\n<div class=\"wp-block-group alignfull thor-maxwidth-default is-layout-constrained wp-block-group-is-layout-constrained\"><div id=\"thor-alternate-block_14e9e1d67386eeba75145d7aa31c00b0\" class=\"thor-alternate\" data-animations=\"1\">\n                  <div class=\"alternate grid-list two no-gap  right\">\n        <div class=\"media  image  \">\n                      <picture>\n              <img decoding=\"async\" src=\"https:\/\/www.azimutbenetti.com\/app\/uploads\/2024\/03\/OURdna-scaled-1-1920x1438.jpg\" alt=\"OURdna-scaled\">\n            <\/picture>\n          \n          \n          \n          \n          \n                  <\/div>\n\n        <div class=\"content-wrapper  h-center v-center  \">\n          <div class=\"content\">\n            <div class=\"plain\">\n                                                <h6 class=\"pre-title\">MANAGERIAL &#038; BEHAVIORAL ACADEMY<\/h6>\n                \n                                  <h5 class=\"title\">Obiettivi<\/h5>\n                \n                                  <div class=\"text\">\n                    <p><!-- wp:paragraph {\"align\":\"left\",\"style\":{\"typography\":{\"fontStyle\":\"normal\",\"fontWeight\":\"700\"}},\"className\":\"is-style-sans-with-animation\",\"fontSize\":\"extra-small\"} --><\/p>\n<ul>\n<li style=\"text-align: left;\">Garantire ai nuovi assunti la conoscenza dell\u2019azienda, della sua cultura e del prodotto.<\/li>\n<li style=\"text-align: left;\">Sviluppare le competenze specialistiche e trasversali per un avanzamento di carriera.<\/li>\n<li style=\"text-align: left;\">Valutare il potenziale per definire azioni di sviluppo mirate e funzionali agli obiettivi dell\u2019organizzazione.<\/li>\n<li style=\"text-align: left;\">Condividere valori e comportamenti, promuovendo l\u2019appartenenza e la cultura di Gruppo<\/li>\n<\/ul>\n<p><!-- \/wp:paragraph --><\/p>\n\n                  <\/div>\n                \n                                          <\/div>\n\n            \n                      <\/div>\n        <\/div>\n      <\/div>\n      <\/div><\/div>\n\n\n\n<div style=\"height:100px\" aria-hidden=\"true\" class=\"wp-block-spacer thor-hidden-sm thor-hidden-md thor-hidden-lg thor-hidden-xl\"><\/div>\n\n\n\n<hr class=\"wp-block-separator has-text-color has-gray-500-color has-alpha-channel-opacity has-gray-500-background-color has-background is-style-wide thor-hidden-sm thor-hidden-md thor-hidden-lg thor-hidden-xl\"\/>\n\n\n\n<div style=\"height:100px\" aria-hidden=\"true\" class=\"wp-block-spacer thor-hidden-sm thor-hidden-md thor-hidden-lg thor-hidden-xl\"><\/div>\n\n\n\n<h2 class=\"wp-block-heading has-text-align-center is-style-with-animation thor-hidden-sm thor-hidden-md thor-hidden-lg thor-hidden-xl\" style=\"font-size:32px;font-style:normal;font-weight:400\">Latest Actions<\/h2>\n\n\n\n<div style=\"height:100px\" aria-hidden=\"true\" class=\"wp-block-spacer thor-hidden-sm thor-hidden-md thor-hidden-lg thor-hidden-xl\"><\/div>\n\n\n<div id=\"thor-posts-listblock_0acf95684e8793f9d6ec1cbe06af66d1\" class=\"thor-posts-list\">\n  <div class=\"grid-list three\">\n          <\/div><!--row-->\n<\/div>\n\n\n\n<div style=\"height:200px\" aria-hidden=\"true\" class=\"wp-block-spacer\"><\/div>\n\n\n\n<div class=\"wp-block-cover alignfull is-light\" style=\"min-height:500px;aspect-ratio:unset;\"><span aria-hidden=\"true\" class=\"wp-block-cover__background has-background-dim-100 has-background-dim\" style=\"background-color:#f5f5f5\"><\/span><div class=\"wp-block-cover__inner-container is-layout-constrained wp-block-cover-is-layout-constrained\">\n<div class=\"wp-block-group thor-maxwidth-xl is-layout-constrained wp-block-group-is-layout-constrained\">\n<h2 class=\"wp-block-heading has-text-align-center is-style-with-animation\" style=\"font-size:32px;font-style:normal;font-weight:400\">Scopri le altre aree tematiche<\/h2>\n\n\n\n<div style=\"height:30px\" aria-hidden=\"true\" class=\"wp-block-spacer thor-hidden-sm thor-hidden-md\"><\/div>\n\n\n\n<div style=\"height:30px\" aria-hidden=\"true\" class=\"wp-block-spacer\"><\/div>\n\n\n\n<p class=\"has-text-align-center is-style-sans-with-animation has-small-font-size\" style=\"font-style:normal;font-weight:400\">L&#8217;Academy pone le sue fondamenta su una visione integrata della formazione, mirando non solo a guidare le persone nel loro avanzamento professionale ma anche a formare le professionalit\u00e0 pi\u00f9 in domanda nel settore nautico per stimolare l&#8217;impiego. Il programma di studi \u00e8 suddiviso in quattro principali settori d&#8217;intervento:<\/p>\n<\/div>\n<\/div><\/div>\n\n\n\n<div class=\"wp-block-group thor-maxwidth-md is-layout-constrained wp-block-group-is-layout-constrained\">\n<div class=\"wp-block-group alignfull thor-maxwidth-3xl thor-hidden-sm thor-hidden-md is-layout-constrained wp-block-group-is-layout-constrained\"><div id=\"thor-cards-block_39271337ca0b9fde571918f33de32591\" class=\"thor-cards alignfull grid-list  three   no-gap \" data-animations=\"\">\n          <div class=\"card logos-bottom  \"         style=\"min-height:100vh\"\n    >\n              <picture class=\"background-image\">\n          <img decoding=\"async\" src=\"https:\/\/www.azimutbenetti.com\/app\/uploads\/2024\/03\/PALA_Academy-cantieri-1.jpg\" alt=\"PALA_Academy-cantieri-1\">\n        <\/picture>\n      \n              <div class=\"overlay\" style=\"background-color: #1d1d1b; opacity:0.4;\"><\/div>\n      \n      \n      <div class=\"content  no-logos \">\n                  <h3 class=\"title\">Academy dei Cantieri<\/h3>\n        \n                  <p class=\"text\">Ha l&#8217;obiettivo di tramandare l\u2019arte del \u00absaper fare\u00bb aziendale e le competenze tecniche in materia di costruzione navale. Si rivolge ai profili che operano sulle imbarcazioni, dalla progettazione alla consegna.<\/p>\n        \n                  <a href=\"https:\/\/www.azimutbenetti.com\/it\/azimut-benetti-group-corporate-academy\/academy-dei-cantieri\/\" class=\"cta\">Scopri di pi\u00f9<\/a>\n              <\/div>\n\n          <\/div>\n          <div class=\"card logos-bottom  \"         style=\"min-height:100vh\"\n    >\n              <picture class=\"background-image\">\n          <img decoding=\"async\" src=\"https:\/\/www.azimutbenetti.com\/app\/uploads\/2024\/03\/PALA_Manag_edu-1.jpg\" alt=\"Lecture\">\n        <\/picture>\n      \n              <div class=\"overlay\" style=\"background-color: #1d1d1b; opacity:0.4;\"><\/div>\n      \n      \n      <div class=\"content  no-logos \">\n                  <h3 class=\"title\">Managerial &#038; Behavioral Academy<\/h3>\n        \n                  <p class=\"text\">Finalizzata a upskilling, reskilling ed executive education delle persone del Gruppo.<\/p>\n        \n                  <a href=\"https:\/\/www.azimutbenetti.com\/it\/azimut-benetti-group-corporate-academy\/managerial-behavioral-academy\/\" class=\"cta\">Scopri di pi\u00f9<\/a>\n              <\/div>\n\n          <\/div>\n          <div class=\"card logos-bottom  \"         style=\"min-height:100vh\"\n    >\n              <picture class=\"background-image\">\n          <img decoding=\"async\" src=\"https:\/\/www.azimutbenetti.com\/app\/uploads\/2024\/03\/PALA_EduCar-1.jpg\" alt=\"PALA_EduCar-1\">\n        <\/picture>\n      \n              <div class=\"overlay\" style=\"background-color: #1d1d1b; opacity:0.4;\"><\/div>\n      \n      \n      <div class=\"content  no-logos \">\n                  <h3 class=\"title\">Edu&#038;Career Guidance<\/h3>\n        \n                  <p class=\"text\">Si rivolge al personale in cerca di occupazione, agli studenti e alle partnership con Istituti superiori e Universit\u00e0 nazionali e internazionali.<\/p>\n        \n                  <a href=\"https:\/\/www.azimutbenetti.com\/it\/azimut-benetti-group-corporate-academy\/edu-career-guidance\/\" class=\"cta\">Scopri di pi\u00f9<\/a>\n              <\/div>\n\n          <\/div>\n  <\/div><\/div>\n<\/div>\n","protected":false},"excerpt":{"rendered":"<p>Al centro del Company DNA c&#8217;\u00e8 l\u2019impegno costante a coltivare e affinare le competenze aziendali essenziali per la crescita e&#8230;<\/p>\n","protected":false},"author":3,"featured_media":0,"parent":4835,"menu_order":0,"comment_status":"closed","ping_status":"closed","template":"","meta":{"_acf_changed":false,"inline_featured_image":false,"footnotes":""},"class_list":["post-4955","page","type-page","status-publish","hentry"],"acf":[],"yoast_head":"<!-- This site is optimized with the Yoast SEO plugin v26.9 - https:\/\/yoast.com\/product\/yoast-seo-wordpress\/ -->\n<title>Company DNA - Azimut|Benetti Group<\/title>\n<meta name=\"description\" content=\"Il Company DNA di Azimut Benetti Group sottolinea l&#039;importanza di coltivare competenze aziendali essenziali, allineando individui, prodotti ed etica aziendale, e promuovendo un senso di appartenenza e orgoglio.\" \/>\n<meta name=\"robots\" content=\"index, follow, max-snippet:-1, max-image-preview:large, max-video-preview:-1\" \/>\n<link rel=\"canonical\" href=\"https:\/\/www.azimutbenetti.com\/it\/azimut-benetti-group-corporate-academy\/company-dna\/\" \/>\n<meta property=\"og:locale\" content=\"it_IT\" \/>\n<meta property=\"og:type\" content=\"article\" \/>\n<meta property=\"og:title\" content=\"Company DNA - Azimut|Benetti Group\" \/>\n<meta property=\"og:description\" content=\"Il Company DNA di Azimut Benetti Group sottolinea l&#039;importanza di coltivare competenze aziendali essenziali, allineando individui, prodotti ed etica aziendale, e promuovendo un senso di appartenenza e orgoglio.\" \/>\n<meta property=\"og:url\" content=\"https:\/\/www.azimutbenetti.com\/it\/azimut-benetti-group-corporate-academy\/company-dna\/\" \/>\n<meta property=\"og:site_name\" content=\"Azimut|Benetti Group\" \/>\n<meta property=\"article:modified_time\" content=\"2024-04-10T09:56:38+00:00\" \/>\n<meta property=\"og:image\" content=\"https:\/\/www.azimutbenetti.com\/app\/uploads\/2024\/03\/03_monogram_COMPANY-D.N.A.png\" \/>\n<meta name=\"twitter:card\" content=\"summary_large_image\" \/>\n<meta name=\"twitter:label1\" content=\"Tempo di lettura stimato\" \/>\n\t<meta name=\"twitter:data1\" content=\"2 minuti\" \/>\n<script type=\"application\/ld+json\" class=\"yoast-schema-graph\">{\"@context\":\"https:\/\/schema.org\",\"@graph\":[{\"@type\":\"WebPage\",\"@id\":\"https:\/\/www.azimutbenetti.com\/it\/azimut-benetti-group-corporate-academy\/company-dna\/\",\"url\":\"https:\/\/www.azimutbenetti.com\/it\/azimut-benetti-group-corporate-academy\/company-dna\/\",\"name\":\"Company DNA - Azimut|Benetti Group\",\"isPartOf\":{\"@id\":\"https:\/\/www.azimutbenetti.com\/#website\"},\"primaryImageOfPage\":{\"@id\":\"https:\/\/www.azimutbenetti.com\/it\/azimut-benetti-group-corporate-academy\/company-dna\/#primaryimage\"},\"image\":{\"@id\":\"https:\/\/www.azimutbenetti.com\/it\/azimut-benetti-group-corporate-academy\/company-dna\/#primaryimage\"},\"thumbnailUrl\":\"https:\/\/www.azimutbenetti.com\/app\/uploads\/2024\/03\/03_monogram_COMPANY-D.N.A.png\",\"datePublished\":\"2024-04-10T08:00:03+00:00\",\"dateModified\":\"2024-04-10T09:56:38+00:00\",\"description\":\"Il Company DNA di Azimut Benetti Group sottolinea l'importanza di coltivare competenze aziendali essenziali, allineando individui, prodotti ed etica aziendale, e promuovendo un senso di appartenenza e orgoglio.\",\"breadcrumb\":{\"@id\":\"https:\/\/www.azimutbenetti.com\/it\/azimut-benetti-group-corporate-academy\/company-dna\/#breadcrumb\"},\"inLanguage\":\"it-IT\",\"potentialAction\":[{\"@type\":\"ReadAction\",\"target\":[\"https:\/\/www.azimutbenetti.com\/it\/azimut-benetti-group-corporate-academy\/company-dna\/\"]}]},{\"@type\":\"ImageObject\",\"inLanguage\":\"it-IT\",\"@id\":\"https:\/\/www.azimutbenetti.com\/it\/azimut-benetti-group-corporate-academy\/company-dna\/#primaryimage\",\"url\":\"https:\/\/www.azimutbenetti.com\/app\/uploads\/2024\/03\/03_monogram_COMPANY-D.N.A.png\",\"contentUrl\":\"https:\/\/www.azimutbenetti.com\/app\/uploads\/2024\/03\/03_monogram_COMPANY-D.N.A.png\"},{\"@type\":\"BreadcrumbList\",\"@id\":\"https:\/\/www.azimutbenetti.com\/it\/azimut-benetti-group-corporate-academy\/company-dna\/#breadcrumb\",\"itemListElement\":[{\"@type\":\"ListItem\",\"position\":1,\"name\":\"Home\",\"item\":\"https:\/\/www.azimutbenetti.com\/it\/\"},{\"@type\":\"ListItem\",\"position\":2,\"name\":\"Azimut Benetti Group Corporate Academy\",\"item\":\"https:\/\/www.azimutbenetti.com\/it\/azimut-benetti-group-corporate-academy\/\"},{\"@type\":\"ListItem\",\"position\":3,\"name\":\"Company DNA\"}]},{\"@type\":\"WebSite\",\"@id\":\"https:\/\/www.azimutbenetti.com\/#website\",\"url\":\"https:\/\/www.azimutbenetti.com\/\",\"name\":\"Azimut|Benetti Group\",\"description\":\"In Mare. La bellezza. Il futuro. Un Gruppo.\",\"publisher\":{\"@id\":\"https:\/\/www.azimutbenetti.com\/#organization\"},\"potentialAction\":[{\"@type\":\"SearchAction\",\"target\":{\"@type\":\"EntryPoint\",\"urlTemplate\":\"https:\/\/www.azimutbenetti.com\/?s={search_term_string}\"},\"query-input\":{\"@type\":\"PropertyValueSpecification\",\"valueRequired\":true,\"valueName\":\"search_term_string\"}}],\"inLanguage\":\"it-IT\"},{\"@type\":\"Organization\",\"@id\":\"https:\/\/www.azimutbenetti.com\/#organization\",\"name\":\"Azimut | Benetti\",\"url\":\"https:\/\/www.azimutbenetti.com\/\",\"logo\":{\"@type\":\"ImageObject\",\"inLanguage\":\"it-IT\",\"@id\":\"https:\/\/www.azimutbenetti.com\/#\/schema\/logo\/image\/\",\"url\":\"https:\/\/www.azimutbenetti.com\/app\/uploads\/2023\/04\/cropped-FAVICON_01.png\",\"contentUrl\":\"https:\/\/www.azimutbenetti.com\/app\/uploads\/2023\/04\/cropped-FAVICON_01.png\",\"width\":512,\"height\":512,\"caption\":\"Azimut | Benetti\"},\"image\":{\"@id\":\"https:\/\/www.azimutbenetti.com\/#\/schema\/logo\/image\/\"}}]}<\/script>\n<!-- \/ Yoast SEO plugin. -->","yoast_head_json":{"title":"Company DNA - Azimut|Benetti Group","description":"Il Company DNA di Azimut Benetti Group sottolinea l'importanza di coltivare competenze aziendali essenziali, allineando individui, prodotti ed etica aziendale, e promuovendo un senso di appartenenza e orgoglio.","robots":{"index":"index","follow":"follow","max-snippet":"max-snippet:-1","max-image-preview":"max-image-preview:large","max-video-preview":"max-video-preview:-1"},"canonical":"https:\/\/www.azimutbenetti.com\/it\/azimut-benetti-group-corporate-academy\/company-dna\/","og_locale":"it_IT","og_type":"article","og_title":"Company DNA - Azimut|Benetti Group","og_description":"Il Company DNA di Azimut Benetti Group sottolinea l'importanza di coltivare competenze aziendali essenziali, allineando individui, prodotti ed etica aziendale, e promuovendo un senso di appartenenza e orgoglio.","og_url":"https:\/\/www.azimutbenetti.com\/it\/azimut-benetti-group-corporate-academy\/company-dna\/","og_site_name":"Azimut|Benetti Group","article_modified_time":"2024-04-10T09:56:38+00:00","og_image":[{"url":"https:\/\/www.azimutbenetti.com\/app\/uploads\/2024\/03\/03_monogram_COMPANY-D.N.A.png","type":"","width":"","height":""}],"twitter_card":"summary_large_image","twitter_misc":{"Tempo di lettura stimato":"2 minuti"},"schema":{"@context":"https:\/\/schema.org","@graph":[{"@type":"WebPage","@id":"https:\/\/www.azimutbenetti.com\/it\/azimut-benetti-group-corporate-academy\/company-dna\/","url":"https:\/\/www.azimutbenetti.com\/it\/azimut-benetti-group-corporate-academy\/company-dna\/","name":"Company DNA - Azimut|Benetti Group","isPartOf":{"@id":"https:\/\/www.azimutbenetti.com\/#website"},"primaryImageOfPage":{"@id":"https:\/\/www.azimutbenetti.com\/it\/azimut-benetti-group-corporate-academy\/company-dna\/#primaryimage"},"image":{"@id":"https:\/\/www.azimutbenetti.com\/it\/azimut-benetti-group-corporate-academy\/company-dna\/#primaryimage"},"thumbnailUrl":"https:\/\/www.azimutbenetti.com\/app\/uploads\/2024\/03\/03_monogram_COMPANY-D.N.A.png","datePublished":"2024-04-10T08:00:03+00:00","dateModified":"2024-04-10T09:56:38+00:00","description":"Il Company DNA di Azimut Benetti Group sottolinea l'importanza di coltivare competenze aziendali essenziali, allineando individui, prodotti ed etica aziendale, e promuovendo un senso di appartenenza e orgoglio.","breadcrumb":{"@id":"https:\/\/www.azimutbenetti.com\/it\/azimut-benetti-group-corporate-academy\/company-dna\/#breadcrumb"},"inLanguage":"it-IT","potentialAction":[{"@type":"ReadAction","target":["https:\/\/www.azimutbenetti.com\/it\/azimut-benetti-group-corporate-academy\/company-dna\/"]}]},{"@type":"ImageObject","inLanguage":"it-IT","@id":"https:\/\/www.azimutbenetti.com\/it\/azimut-benetti-group-corporate-academy\/company-dna\/#primaryimage","url":"https:\/\/www.azimutbenetti.com\/app\/uploads\/2024\/03\/03_monogram_COMPANY-D.N.A.png","contentUrl":"https:\/\/www.azimutbenetti.com\/app\/uploads\/2024\/03\/03_monogram_COMPANY-D.N.A.png"},{"@type":"BreadcrumbList","@id":"https:\/\/www.azimutbenetti.com\/it\/azimut-benetti-group-corporate-academy\/company-dna\/#breadcrumb","itemListElement":[{"@type":"ListItem","position":1,"name":"Home","item":"https:\/\/www.azimutbenetti.com\/it\/"},{"@type":"ListItem","position":2,"name":"Azimut Benetti Group Corporate Academy","item":"https:\/\/www.azimutbenetti.com\/it\/azimut-benetti-group-corporate-academy\/"},{"@type":"ListItem","position":3,"name":"Company DNA"}]},{"@type":"WebSite","@id":"https:\/\/www.azimutbenetti.com\/#website","url":"https:\/\/www.azimutbenetti.com\/","name":"Azimut|Benetti Group","description":"In Mare. La bellezza. Il futuro. Un Gruppo.","publisher":{"@id":"https:\/\/www.azimutbenetti.com\/#organization"},"potentialAction":[{"@type":"SearchAction","target":{"@type":"EntryPoint","urlTemplate":"https:\/\/www.azimutbenetti.com\/?s={search_term_string}"},"query-input":{"@type":"PropertyValueSpecification","valueRequired":true,"valueName":"search_term_string"}}],"inLanguage":"it-IT"},{"@type":"Organization","@id":"https:\/\/www.azimutbenetti.com\/#organization","name":"Azimut | Benetti","url":"https:\/\/www.azimutbenetti.com\/","logo":{"@type":"ImageObject","inLanguage":"it-IT","@id":"https:\/\/www.azimutbenetti.com\/#\/schema\/logo\/image\/","url":"https:\/\/www.azimutbenetti.com\/app\/uploads\/2023\/04\/cropped-FAVICON_01.png","contentUrl":"https:\/\/www.azimutbenetti.com\/app\/uploads\/2023\/04\/cropped-FAVICON_01.png","width":512,"height":512,"caption":"Azimut | Benetti"},"image":{"@id":"https:\/\/www.azimutbenetti.com\/#\/schema\/logo\/image\/"}}]}},"_links":{"self":[{"href":"https:\/\/www.azimutbenetti.com\/it\/wp-json\/wp\/v2\/pages\/4955","targetHints":{"allow":["GET"]}}],"collection":[{"href":"https:\/\/www.azimutbenetti.com\/it\/wp-json\/wp\/v2\/pages"}],"about":[{"href":"https:\/\/www.azimutbenetti.com\/it\/wp-json\/wp\/v2\/types\/page"}],"author":[{"embeddable":true,"href":"https:\/\/www.azimutbenetti.com\/it\/wp-json\/wp\/v2\/users\/3"}],"replies":[{"embeddable":true,"href":"https:\/\/www.azimutbenetti.com\/it\/wp-json\/wp\/v2\/comments?post=4955"}],"version-history":[{"count":18,"href":"https:\/\/www.azimutbenetti.com\/it\/wp-json\/wp\/v2\/pages\/4955\/revisions"}],"predecessor-version":[{"id":5340,"href":"https:\/\/www.azimutbenetti.com\/it\/wp-json\/wp\/v2\/pages\/4955\/revisions\/5340"}],"up":[{"embeddable":true,"href":"https:\/\/www.azimutbenetti.com\/it\/wp-json\/wp\/v2\/pages\/4835"}],"wp:attachment":[{"href":"https:\/\/www.azimutbenetti.com\/it\/wp-json\/wp\/v2\/media?parent=4955"}],"curies":[{"name":"wp","href":"https:\/\/api.w.org\/{rel}","templated":true}]}}