{"id":4936,"date":"2024-04-10T10:03:28","date_gmt":"2024-04-10T08:03:28","guid":{"rendered":"https:\/\/www.azimutbenetti.com\/?page_id=4936"},"modified":"2024-04-10T15:39:12","modified_gmt":"2024-04-10T13:39:12","slug":"managerial-behavioral-academy","status":"publish","type":"page","link":"https:\/\/www.azimutbenetti.com\/it\/azimut-benetti-group-corporate-academy\/managerial-behavioral-academy\/","title":{"rendered":"Managerial &amp; Behavioral Academy"},"content":{"rendered":"\n<div class=\"wp-block-group thor-maxwidth-default is-layout-constrained wp-block-group-is-layout-constrained\">\n<figure class=\"wp-block-image aligncenter size-full is-resized\"><img loading=\"lazy\" decoding=\"async\" width=\"1060\" height=\"355\" src=\"https:\/\/www.azimutbenetti.com\/app\/uploads\/2024\/03\/02_monogram_MANAGERIAL-ACADEMY.png\" alt=\"\" class=\"wp-image-4871\" style=\"object-fit:cover;width:200px;height:200px\" srcset=\"https:\/\/www.azimutbenetti.com\/app\/uploads\/2024\/03\/02_monogram_MANAGERIAL-ACADEMY.png 1060w, https:\/\/www.azimutbenetti.com\/app\/uploads\/2024\/03\/02_monogram_MANAGERIAL-ACADEMY-600x201.png 600w, https:\/\/www.azimutbenetti.com\/app\/uploads\/2024\/03\/02_monogram_MANAGERIAL-ACADEMY-1024x343.png 1024w, https:\/\/www.azimutbenetti.com\/app\/uploads\/2024\/03\/02_monogram_MANAGERIAL-ACADEMY-70x23.png 70w\" sizes=\"auto, (max-width: 1060px) 100vw, 1060px\" \/><\/figure>\n<\/div>\n\n\n\n<div style=\"height:30px\" aria-hidden=\"true\" class=\"wp-block-spacer\"><\/div>\n\n\n\n<div class=\"wp-block-group thor-maxwidth-md is-layout-constrained wp-block-group-is-layout-constrained\">\n<p class=\"has-text-align-center is-style-sans-with-animation has-small-font-size\" style=\"font-style:normal;font-weight:400\">La Managerial and Behavioural Academy \u00e8 dedicata al miglioramento delle capacit\u00e0 gestionali, delle competenze comportamentali e delle abilit\u00e0 esecutive dei suoi membri. Grazie al giusto equilibrio di metodologie all&#8217;avanguardia e di esperienze di apprendimento coinvolgenti, l&#8217;Academy dota i partecipanti di competenze strategiche, capacit\u00e0 di leadership e abilit\u00e0 interpersonali essenziali per affrontare le complessit\u00e0 del dinamico panorama aziendale odierno. Promuovendo una cultura di apprendimento e crescita continui, l&#8217;Academy funge da catalizzatore per l&#8217;eccellenza organizzativa, consentendo agli individui di liberare il loro pieno potenziale e di guidare il Gruppo verso un successo sostenibile.<\/p>\n\n\n\n<div style=\"height:90px\" aria-hidden=\"true\" class=\"wp-block-spacer\"><\/div>\n\n\n\n<div style=\"height:90px\" aria-hidden=\"true\" class=\"wp-block-spacer\"><\/div>\n<\/div>\n\n\n\n<div class=\"wp-block-group thor-maxwidth-xl is-content-justification-center is-layout-constrained wp-block-group-is-layout-constrained\"><div id=\"thor-statistics-block_eebbe672ba492e477d6df3cdd7d29759\" class=\"thor-statistics grid-list  three \">\n      <div class=\"statistic-wrapper\">\n      <div class=\"number\">\n        \n                  <span\n            class=\"number-statistic\"\n            data-animation=\"1\"\n            data-one-decimal=\"\"\n            data-target-number=\"19\"\n          >\n                          0\n                      <\/span>\n        \n              <\/div>\n\n      <div class=\"text\">\n        Edizioni svolte\n      <\/div>\n    <\/div>\n      <div class=\"statistic-wrapper\">\n      <div class=\"number\">\n        \n                  <span\n            class=\"number-statistic\"\n            data-animation=\"1\"\n            data-one-decimal=\"\"\n            data-target-number=\"74\"\n          >\n                          0\n                      <\/span>\n        \n              <\/div>\n\n      <div class=\"text\">\n        Partecipanti coinvolti\n      <\/div>\n    <\/div>\n      <div class=\"statistic-wrapper\">\n      <div class=\"number\">\n        \n                  <span\n            class=\"number-statistic\"\n            data-animation=\"1\"\n            data-one-decimal=\"\"\n            data-target-number=\"1264\"\n          >\n                          0\n                      <\/span>\n        \n              <\/div>\n\n      <div class=\"text\">\n        Ore erogate\n      <\/div>\n    <\/div>\n  <\/div>\n\n\n<div style=\"height:90px\" aria-hidden=\"true\" class=\"wp-block-spacer thor-hidden-sm thor-hidden-md\"><\/div>\n\n\n\n<div style=\"height:90px\" aria-hidden=\"true\" class=\"wp-block-spacer\"><\/div>\n<\/div>\n\n\n\n<div class=\"wp-block-cover alignfull is-light\" style=\"min-height:350px;aspect-ratio:unset;\"><span aria-hidden=\"true\" class=\"wp-block-cover__background has-background-dim-100 has-background-dim\" style=\"background-color:#f5f5f5\"><\/span><div class=\"wp-block-cover__inner-container is-layout-constrained wp-block-cover-is-layout-constrained\">\n<div class=\"wp-block-cover alignfull\" style=\"min-height:350px;aspect-ratio:unset;\"><span aria-hidden=\"true\" class=\"wp-block-cover__background has-primary-background-color has-background-dim-100 has-background-dim\"><\/span><div class=\"wp-block-cover__inner-container is-layout-constrained wp-block-cover-is-layout-constrained\">\n<div class=\"wp-block-group thor-maxwidth-xl is-layout-constrained wp-block-group-is-layout-constrained\">\n<div style=\"height:30px\" aria-hidden=\"true\" class=\"wp-block-spacer\"><\/div>\n\n\n\n<h2 class=\"wp-block-heading has-text-align-center is-style-with-animation\" style=\"font-size:32px;font-style:normal;font-weight:400\">\u201cIl segreto del cambiamento \u00e8 concentrare tutta la tua energia non nel combattere il vecchio, ma nel costruire il nuovo\u201d. <\/h2>\n\n\n\n<h2 class=\"wp-block-heading has-text-align-center is-style-sans-with-animation is-style-with-animation has-small-font-size\"><em>(Socrate)<\/em><\/h2>\n\n\n\n<div style=\"height:30px\" aria-hidden=\"true\" class=\"wp-block-spacer\"><\/div>\n<\/div>\n<\/div><\/div>\n<\/div><\/div>\n\n\n\n<div style=\"height:180px\" aria-hidden=\"true\" class=\"wp-block-spacer\"><\/div>\n\n\n\n<div class=\"wp-block-group alignfull thor-maxwidth-default is-layout-constrained wp-block-group-is-layout-constrained\"><div id=\"thor-alternate-block_adb466aa04bdc7d4e7912c82fa4d7eee\" class=\"thor-alternate\" data-animations=\"1\">\n                  <div class=\"alternate grid-list two no-gap  right\">\n        <div class=\"media  image  \">\n                      <picture>\n              <img decoding=\"async\" src=\"https:\/\/www.azimutbenetti.com\/app\/uploads\/2024\/03\/Manag_edu-scaled-1-1920x1438.jpg\" alt=\"Manag_edu-scaled\">\n            <\/picture>\n          \n          \n          \n          \n          \n                  <\/div>\n\n        <div class=\"content-wrapper  h-center v-center  \">\n          <div class=\"content\">\n            <div class=\"plain\">\n                                                <h6 class=\"pre-title\">MANAGERIAL &#038; BEHAVIORAL ACADEMY<\/h6>\n                \n                                  <h5 class=\"title\">Obiettivi<\/h5>\n                \n                                  <div class=\"text\">\n                    <p><!-- wp:paragraph {\"align\":\"left\",\"style\":{\"typography\":{\"fontStyle\":\"normal\",\"fontWeight\":\"700\"}},\"className\":\"is-style-sans-with-animation\",\"fontSize\":\"extra-small\"} --><\/p>\n<ul>\n<li style=\"text-align: left;\">Sviluppare la leadership per rafforzare competitivit\u00e0 e posizione di mercato<\/li>\n<\/ul>\n<p>&nbsp;<\/p>\n<ul>\n<li style=\"text-align: left;\">Condividere i valori del Gruppo e promuovere la cultura aziendale nell\u2019organizzazione<\/li>\n<\/ul>\n<p>&nbsp;<\/p>\n<ul>\n<li style=\"text-align: left;\">Sviluppare e allenare le competenze manageriali necessarie al raggiungimento degli obiettivi<\/li>\n<\/ul>\n<p>&nbsp;<\/p>\n<ul>\n<li style=\"text-align: left;\">Garantire l\u2019engagement delle persone alla mission dell\u2019azienda<\/li>\n<\/ul>\n<p><!-- \/wp:paragraph --><\/p>\n\n                  <\/div>\n                \n                                          <\/div>\n\n            \n                      <\/div>\n        <\/div>\n      <\/div>\n      <\/div><\/div>\n\n\n\n<div style=\"height:100px\" aria-hidden=\"true\" class=\"wp-block-spacer thor-hidden-sm thor-hidden-md thor-hidden-lg thor-hidden-xl\"><\/div>\n\n\n\n<hr class=\"wp-block-separator has-text-color has-gray-500-color has-alpha-channel-opacity has-gray-500-background-color has-background is-style-wide thor-hidden-sm thor-hidden-md thor-hidden-lg thor-hidden-xl\"\/>\n\n\n\n<div style=\"height:100px\" aria-hidden=\"true\" class=\"wp-block-spacer thor-hidden-sm thor-hidden-md thor-hidden-lg thor-hidden-xl\"><\/div>\n\n\n\n<h2 class=\"wp-block-heading has-text-align-center is-style-with-animation thor-hidden-sm thor-hidden-md thor-hidden-lg thor-hidden-xl\" style=\"font-size:32px;font-style:normal;font-weight:400\">Latest Actions<\/h2>\n\n\n\n<div style=\"height:100px\" aria-hidden=\"true\" class=\"wp-block-spacer thor-hidden-sm thor-hidden-md thor-hidden-lg thor-hidden-xl\"><\/div>\n\n\n<div id=\"thor-posts-listblock_c80a04740e833422eb48e9fe31bf592c\" class=\"thor-posts-list\">\n  <div class=\"grid-list three\">\n          <\/div><!--row-->\n<\/div>\n\n\n\n<div style=\"height:200px\" aria-hidden=\"true\" class=\"wp-block-spacer\"><\/div>\n\n\n\n<div class=\"wp-block-cover alignfull is-light\" style=\"min-height:500px;aspect-ratio:unset;\"><span aria-hidden=\"true\" class=\"wp-block-cover__background has-background-dim-100 has-background-dim\" style=\"background-color:#f5f5f5\"><\/span><div class=\"wp-block-cover__inner-container is-layout-constrained wp-block-cover-is-layout-constrained\">\n<div class=\"wp-block-group thor-maxwidth-xl is-layout-constrained wp-block-group-is-layout-constrained\">\n<h2 class=\"wp-block-heading has-text-align-center is-style-with-animation\" style=\"font-size:32px;font-style:normal;font-weight:400\">Scopri le altre aree tematiche<\/h2>\n\n\n\n<div style=\"height:30px\" aria-hidden=\"true\" class=\"wp-block-spacer thor-hidden-sm thor-hidden-md\"><\/div>\n\n\n\n<div style=\"height:30px\" aria-hidden=\"true\" class=\"wp-block-spacer\"><\/div>\n\n\n\n<p class=\"has-text-align-center is-style-sans-with-animation has-small-font-size\" style=\"font-style:normal;font-weight:400\">L&#8217;Academy basa la sua metodologia su un approccio globale all&#8217;apprendimento, puntando sia a supportare l&#8217;individuo nel suo sviluppo professionale sia a sviluppare le competenze maggiormente sollecitate dal mercato nautico, contribuendo cos\u00ec alla creazione di nuove opportunit\u00e0 di lavoro. <br>L&#8217;offerta formativa \u00e8 organizzata in quattro principali aree di attivit\u00e0:<\/p>\n<\/div>\n<\/div><\/div>\n\n\n\n<div class=\"wp-block-group thor-maxwidth-md is-layout-constrained wp-block-group-is-layout-constrained\">\n<div class=\"wp-block-group alignfull thor-maxwidth-3xl thor-hidden-sm thor-hidden-md is-layout-constrained wp-block-group-is-layout-constrained\"><div id=\"thor-cards-block_5eadb722405205bce56587e576172ead\" class=\"thor-cards alignfull grid-list  three   no-gap \" data-animations=\"\">\n          <div class=\"card logos-bottom  \"         style=\"min-height:100vh\"\n    >\n              <picture class=\"background-image\">\n          <img decoding=\"async\" src=\"https:\/\/www.azimutbenetti.com\/app\/uploads\/2024\/03\/PALA_Academy-cantieri-1.jpg\" alt=\"PALA_Academy-cantieri-1\">\n        <\/picture>\n      \n              <div class=\"overlay\" style=\"background-color: #1d1d1b; opacity:0.4;\"><\/div>\n      \n      \n      <div class=\"content  no-logos \">\n                  <h3 class=\"title\">Academy dei Cantieri<\/h3>\n        \n                  <p class=\"text\">Ha l&#8217;obiettivo di tramandare l\u2019arte del \u00absaper fare\u00bb aziendale e le competenze tecniche in materia di costruzione navale. Si rivolge ai profili che operano sulle imbarcazioni, dalla progettazione alla consegna.<\/p>\n        \n                  <a href=\"https:\/\/www.azimutbenetti.com\/it\/azimut-benetti-group-corporate-academy\/academy-dei-cantieri\/\" class=\"cta\">Scopri di pi\u00f9<\/a>\n              <\/div>\n\n          <\/div>\n          <div class=\"card logos-bottom  \"         style=\"min-height:100vh\"\n    >\n              <picture class=\"background-image\">\n          <img decoding=\"async\" src=\"https:\/\/www.azimutbenetti.com\/app\/uploads\/2024\/03\/PALA_OURdna_02-1.jpg\" alt=\"PALA_OURdna_02-1\">\n        <\/picture>\n      \n              <div class=\"overlay\" style=\"background-color: #1d1d1b; opacity:0.4;\"><\/div>\n      \n      \n      <div class=\"content  no-logos \">\n                  <h3 class=\"title\">Company DNA<\/h3>\n        \n                  <p class=\"text\">Un programma di valutazione e valorizzazione del profilo professionale nell\u2019ambito dei percorsi interni di crescita e alla condivisione di valori e comportamenti della cultura aziendale.<\/p>\n        \n                  <a href=\"https:\/\/www.azimutbenetti.com\/it\/azimut-benetti-group-corporate-academy\/company-dna\/\" class=\"cta\">Scopri di pi\u00f9<\/a>\n              <\/div>\n\n          <\/div>\n          <div class=\"card logos-bottom  \"         style=\"min-height:100vh\"\n    >\n              <picture class=\"background-image\">\n          <img decoding=\"async\" src=\"https:\/\/www.azimutbenetti.com\/app\/uploads\/2024\/03\/PALA_EduCar-1.jpg\" alt=\"PALA_EduCar-1\">\n        <\/picture>\n      \n              <div class=\"overlay\" style=\"background-color: #1d1d1b; opacity:0.4;\"><\/div>\n      \n      \n      <div class=\"content  no-logos \">\n                  <h3 class=\"title\">Edu&#038;Career Guidance<\/h3>\n        \n                  <p class=\"text\">Si rivolge al personale in cerca di occupazione, agli studenti e alle partnership con Istituti superiori e Universit\u00e0 nazionali e internazionali.<\/p>\n        \n                  <a href=\"https:\/\/www.azimutbenetti.com\/it\/azimut-benetti-group-corporate-academy\/edu-career-guidance\/\" class=\"cta\">Scopri di pi\u00f9<\/a>\n              <\/div>\n\n          <\/div>\n  <\/div><\/div>\n<\/div>\n\n\n","protected":false},"excerpt":{"rendered":"<p>La Managerial and Behavioural Academy \u00e8 dedicata al miglioramento delle capacit\u00e0 gestionali, delle competenze comportamentali e delle abilit\u00e0 esecutive dei&#8230;<\/p>\n","protected":false},"author":3,"featured_media":0,"parent":4835,"menu_order":0,"comment_status":"closed","ping_status":"closed","template":"","meta":{"_acf_changed":false,"inline_featured_image":false,"footnotes":""},"class_list":["post-4936","page","type-page","status-publish","hentry"],"acf":[],"yoast_head":"<!-- This site is optimized with the Yoast SEO plugin v26.9 - https:\/\/yoast.com\/product\/yoast-seo-wordpress\/ -->\n<title>Managerial &amp; Behavioral Academy - Azimut|Benetti Group<\/title>\n<meta name=\"description\" content=\"La Managerial &amp; Behavioral Academy di Azimut Benetti Group perfeziona competenze gestionali e comportamentali, promuovendo leadership e crescita organizzativa nel settore nautico.\" \/>\n<meta name=\"robots\" content=\"index, follow, max-snippet:-1, max-image-preview:large, max-video-preview:-1\" \/>\n<link rel=\"canonical\" href=\"https:\/\/www.azimutbenetti.com\/it\/azimut-benetti-group-corporate-academy\/managerial-behavioral-academy\/\" \/>\n<meta property=\"og:locale\" content=\"it_IT\" \/>\n<meta property=\"og:type\" content=\"article\" \/>\n<meta property=\"og:title\" content=\"Managerial &amp; Behavioral Academy - Azimut|Benetti Group\" \/>\n<meta property=\"og:description\" content=\"La Managerial &amp; Behavioral Academy di Azimut Benetti Group perfeziona competenze gestionali e comportamentali, promuovendo leadership e crescita organizzativa nel settore nautico.\" \/>\n<meta property=\"og:url\" content=\"https:\/\/www.azimutbenetti.com\/it\/azimut-benetti-group-corporate-academy\/managerial-behavioral-academy\/\" \/>\n<meta property=\"og:site_name\" content=\"Azimut|Benetti Group\" \/>\n<meta property=\"article:modified_time\" content=\"2024-04-10T13:39:12+00:00\" \/>\n<meta property=\"og:image\" content=\"https:\/\/www.azimutbenetti.com\/app\/uploads\/2024\/03\/02_monogram_MANAGERIAL-ACADEMY.png\" \/>\n<meta name=\"twitter:card\" content=\"summary_large_image\" \/>\n<meta name=\"twitter:label1\" content=\"Tempo di lettura stimato\" \/>\n\t<meta name=\"twitter:data1\" content=\"2 minuti\" \/>\n<script type=\"application\/ld+json\" class=\"yoast-schema-graph\">{\"@context\":\"https:\/\/schema.org\",\"@graph\":[{\"@type\":\"WebPage\",\"@id\":\"https:\/\/www.azimutbenetti.com\/it\/azimut-benetti-group-corporate-academy\/managerial-behavioral-academy\/\",\"url\":\"https:\/\/www.azimutbenetti.com\/it\/azimut-benetti-group-corporate-academy\/managerial-behavioral-academy\/\",\"name\":\"Managerial &amp; Behavioral Academy - Azimut|Benetti Group\",\"isPartOf\":{\"@id\":\"https:\/\/www.azimutbenetti.com\/#website\"},\"primaryImageOfPage\":{\"@id\":\"https:\/\/www.azimutbenetti.com\/it\/azimut-benetti-group-corporate-academy\/managerial-behavioral-academy\/#primaryimage\"},\"image\":{\"@id\":\"https:\/\/www.azimutbenetti.com\/it\/azimut-benetti-group-corporate-academy\/managerial-behavioral-academy\/#primaryimage\"},\"thumbnailUrl\":\"https:\/\/www.azimutbenetti.com\/app\/uploads\/2024\/03\/02_monogram_MANAGERIAL-ACADEMY.png\",\"datePublished\":\"2024-04-10T08:03:28+00:00\",\"dateModified\":\"2024-04-10T13:39:12+00:00\",\"description\":\"La Managerial & Behavioral Academy di Azimut Benetti Group perfeziona competenze gestionali e comportamentali, promuovendo leadership e crescita organizzativa nel settore nautico.\",\"breadcrumb\":{\"@id\":\"https:\/\/www.azimutbenetti.com\/it\/azimut-benetti-group-corporate-academy\/managerial-behavioral-academy\/#breadcrumb\"},\"inLanguage\":\"it-IT\",\"potentialAction\":[{\"@type\":\"ReadAction\",\"target\":[\"https:\/\/www.azimutbenetti.com\/it\/azimut-benetti-group-corporate-academy\/managerial-behavioral-academy\/\"]}]},{\"@type\":\"ImageObject\",\"inLanguage\":\"it-IT\",\"@id\":\"https:\/\/www.azimutbenetti.com\/it\/azimut-benetti-group-corporate-academy\/managerial-behavioral-academy\/#primaryimage\",\"url\":\"https:\/\/www.azimutbenetti.com\/app\/uploads\/2024\/03\/02_monogram_MANAGERIAL-ACADEMY.png\",\"contentUrl\":\"https:\/\/www.azimutbenetti.com\/app\/uploads\/2024\/03\/02_monogram_MANAGERIAL-ACADEMY.png\"},{\"@type\":\"BreadcrumbList\",\"@id\":\"https:\/\/www.azimutbenetti.com\/it\/azimut-benetti-group-corporate-academy\/managerial-behavioral-academy\/#breadcrumb\",\"itemListElement\":[{\"@type\":\"ListItem\",\"position\":1,\"name\":\"Home\",\"item\":\"https:\/\/www.azimutbenetti.com\/it\/\"},{\"@type\":\"ListItem\",\"position\":2,\"name\":\"Azimut Benetti Group Corporate Academy\",\"item\":\"https:\/\/www.azimutbenetti.com\/it\/azimut-benetti-group-corporate-academy\/\"},{\"@type\":\"ListItem\",\"position\":3,\"name\":\"Managerial &amp; Behavioral Academy\"}]},{\"@type\":\"WebSite\",\"@id\":\"https:\/\/www.azimutbenetti.com\/#website\",\"url\":\"https:\/\/www.azimutbenetti.com\/\",\"name\":\"Azimut|Benetti Group\",\"description\":\"In Mare. La bellezza. Il futuro. Un Gruppo.\",\"publisher\":{\"@id\":\"https:\/\/www.azimutbenetti.com\/#organization\"},\"potentialAction\":[{\"@type\":\"SearchAction\",\"target\":{\"@type\":\"EntryPoint\",\"urlTemplate\":\"https:\/\/www.azimutbenetti.com\/?s={search_term_string}\"},\"query-input\":{\"@type\":\"PropertyValueSpecification\",\"valueRequired\":true,\"valueName\":\"search_term_string\"}}],\"inLanguage\":\"it-IT\"},{\"@type\":\"Organization\",\"@id\":\"https:\/\/www.azimutbenetti.com\/#organization\",\"name\":\"Azimut | Benetti\",\"url\":\"https:\/\/www.azimutbenetti.com\/\",\"logo\":{\"@type\":\"ImageObject\",\"inLanguage\":\"it-IT\",\"@id\":\"https:\/\/www.azimutbenetti.com\/#\/schema\/logo\/image\/\",\"url\":\"https:\/\/www.azimutbenetti.com\/app\/uploads\/2023\/04\/cropped-FAVICON_01.png\",\"contentUrl\":\"https:\/\/www.azimutbenetti.com\/app\/uploads\/2023\/04\/cropped-FAVICON_01.png\",\"width\":512,\"height\":512,\"caption\":\"Azimut | Benetti\"},\"image\":{\"@id\":\"https:\/\/www.azimutbenetti.com\/#\/schema\/logo\/image\/\"}}]}<\/script>\n<!-- \/ Yoast SEO plugin. -->","yoast_head_json":{"title":"Managerial &amp; Behavioral Academy - Azimut|Benetti Group","description":"La Managerial & Behavioral Academy di Azimut Benetti Group perfeziona competenze gestionali e comportamentali, promuovendo leadership e crescita organizzativa nel settore nautico.","robots":{"index":"index","follow":"follow","max-snippet":"max-snippet:-1","max-image-preview":"max-image-preview:large","max-video-preview":"max-video-preview:-1"},"canonical":"https:\/\/www.azimutbenetti.com\/it\/azimut-benetti-group-corporate-academy\/managerial-behavioral-academy\/","og_locale":"it_IT","og_type":"article","og_title":"Managerial &amp; Behavioral Academy - Azimut|Benetti Group","og_description":"La Managerial & Behavioral Academy di Azimut Benetti Group perfeziona competenze gestionali e comportamentali, promuovendo leadership e crescita organizzativa nel settore nautico.","og_url":"https:\/\/www.azimutbenetti.com\/it\/azimut-benetti-group-corporate-academy\/managerial-behavioral-academy\/","og_site_name":"Azimut|Benetti Group","article_modified_time":"2024-04-10T13:39:12+00:00","og_image":[{"url":"https:\/\/www.azimutbenetti.com\/app\/uploads\/2024\/03\/02_monogram_MANAGERIAL-ACADEMY.png","type":"","width":"","height":""}],"twitter_card":"summary_large_image","twitter_misc":{"Tempo di lettura stimato":"2 minuti"},"schema":{"@context":"https:\/\/schema.org","@graph":[{"@type":"WebPage","@id":"https:\/\/www.azimutbenetti.com\/it\/azimut-benetti-group-corporate-academy\/managerial-behavioral-academy\/","url":"https:\/\/www.azimutbenetti.com\/it\/azimut-benetti-group-corporate-academy\/managerial-behavioral-academy\/","name":"Managerial &amp; Behavioral Academy - Azimut|Benetti Group","isPartOf":{"@id":"https:\/\/www.azimutbenetti.com\/#website"},"primaryImageOfPage":{"@id":"https:\/\/www.azimutbenetti.com\/it\/azimut-benetti-group-corporate-academy\/managerial-behavioral-academy\/#primaryimage"},"image":{"@id":"https:\/\/www.azimutbenetti.com\/it\/azimut-benetti-group-corporate-academy\/managerial-behavioral-academy\/#primaryimage"},"thumbnailUrl":"https:\/\/www.azimutbenetti.com\/app\/uploads\/2024\/03\/02_monogram_MANAGERIAL-ACADEMY.png","datePublished":"2024-04-10T08:03:28+00:00","dateModified":"2024-04-10T13:39:12+00:00","description":"La Managerial & Behavioral Academy di Azimut Benetti Group perfeziona competenze gestionali e comportamentali, promuovendo leadership e crescita organizzativa nel settore nautico.","breadcrumb":{"@id":"https:\/\/www.azimutbenetti.com\/it\/azimut-benetti-group-corporate-academy\/managerial-behavioral-academy\/#breadcrumb"},"inLanguage":"it-IT","potentialAction":[{"@type":"ReadAction","target":["https:\/\/www.azimutbenetti.com\/it\/azimut-benetti-group-corporate-academy\/managerial-behavioral-academy\/"]}]},{"@type":"ImageObject","inLanguage":"it-IT","@id":"https:\/\/www.azimutbenetti.com\/it\/azimut-benetti-group-corporate-academy\/managerial-behavioral-academy\/#primaryimage","url":"https:\/\/www.azimutbenetti.com\/app\/uploads\/2024\/03\/02_monogram_MANAGERIAL-ACADEMY.png","contentUrl":"https:\/\/www.azimutbenetti.com\/app\/uploads\/2024\/03\/02_monogram_MANAGERIAL-ACADEMY.png"},{"@type":"BreadcrumbList","@id":"https:\/\/www.azimutbenetti.com\/it\/azimut-benetti-group-corporate-academy\/managerial-behavioral-academy\/#breadcrumb","itemListElement":[{"@type":"ListItem","position":1,"name":"Home","item":"https:\/\/www.azimutbenetti.com\/it\/"},{"@type":"ListItem","position":2,"name":"Azimut Benetti Group Corporate Academy","item":"https:\/\/www.azimutbenetti.com\/it\/azimut-benetti-group-corporate-academy\/"},{"@type":"ListItem","position":3,"name":"Managerial &amp; Behavioral Academy"}]},{"@type":"WebSite","@id":"https:\/\/www.azimutbenetti.com\/#website","url":"https:\/\/www.azimutbenetti.com\/","name":"Azimut|Benetti Group","description":"In Mare. La bellezza. Il futuro. Un Gruppo.","publisher":{"@id":"https:\/\/www.azimutbenetti.com\/#organization"},"potentialAction":[{"@type":"SearchAction","target":{"@type":"EntryPoint","urlTemplate":"https:\/\/www.azimutbenetti.com\/?s={search_term_string}"},"query-input":{"@type":"PropertyValueSpecification","valueRequired":true,"valueName":"search_term_string"}}],"inLanguage":"it-IT"},{"@type":"Organization","@id":"https:\/\/www.azimutbenetti.com\/#organization","name":"Azimut | Benetti","url":"https:\/\/www.azimutbenetti.com\/","logo":{"@type":"ImageObject","inLanguage":"it-IT","@id":"https:\/\/www.azimutbenetti.com\/#\/schema\/logo\/image\/","url":"https:\/\/www.azimutbenetti.com\/app\/uploads\/2023\/04\/cropped-FAVICON_01.png","contentUrl":"https:\/\/www.azimutbenetti.com\/app\/uploads\/2023\/04\/cropped-FAVICON_01.png","width":512,"height":512,"caption":"Azimut | Benetti"},"image":{"@id":"https:\/\/www.azimutbenetti.com\/#\/schema\/logo\/image\/"}}]}},"_links":{"self":[{"href":"https:\/\/www.azimutbenetti.com\/it\/wp-json\/wp\/v2\/pages\/4936","targetHints":{"allow":["GET"]}}],"collection":[{"href":"https:\/\/www.azimutbenetti.com\/it\/wp-json\/wp\/v2\/pages"}],"about":[{"href":"https:\/\/www.azimutbenetti.com\/it\/wp-json\/wp\/v2\/types\/page"}],"author":[{"embeddable":true,"href":"https:\/\/www.azimutbenetti.com\/it\/wp-json\/wp\/v2\/users\/3"}],"replies":[{"embeddable":true,"href":"https:\/\/www.azimutbenetti.com\/it\/wp-json\/wp\/v2\/comments?post=4936"}],"version-history":[{"count":26,"href":"https:\/\/www.azimutbenetti.com\/it\/wp-json\/wp\/v2\/pages\/4936\/revisions"}],"predecessor-version":[{"id":5382,"href":"https:\/\/www.azimutbenetti.com\/it\/wp-json\/wp\/v2\/pages\/4936\/revisions\/5382"}],"up":[{"embeddable":true,"href":"https:\/\/www.azimutbenetti.com\/it\/wp-json\/wp\/v2\/pages\/4835"}],"wp:attachment":[{"href":"https:\/\/www.azimutbenetti.com\/it\/wp-json\/wp\/v2\/media?parent=4936"}],"curies":[{"name":"wp","href":"https:\/\/api.w.org\/{rel}","templated":true}]}}